{"id":16786,"date":"2023-07-06T20:59:52","date_gmt":"2023-07-06T20:59:52","guid":{"rendered":"https:\/\/www.sagen.ca\/evenements\/"},"modified":"2024-12-17T20:07:11","modified_gmt":"2024-12-17T20:07:11","slug":"evenements","status":"publish","type":"page","link":"https:\/\/www.sagen.ca\/fr\/evenements\/","title":{"rendered":"\u00c9v\u00e9nements"},"content":{"rendered":"<p>Nous proposons divers \u00e9v\u00e9nements tout au long de l\u2019ann\u00e9e pour aider les professionnels hypoth\u00e9caires \u00e0 accro\u00eetre leurs affaires gr\u00e2ce \u00e0 des laboratoires d\u2019apprentissage, des balados, des webinaires, des conf\u00e9rences et des \u00e9v\u00e9nements.<\/p>\n","protected":false},"excerpt":{"rendered":"<p>Nous proposons divers \u00e9v\u00e9nements tout au long de l\u2019ann\u00e9e pour aider les professionnels hypoth\u00e9caires \u00e0 accro\u00eetre leurs affaires gr\u00e2ce \u00e0 des laboratoires d\u2019apprentissage, des balados, des webinaires, des conf\u00e9rences et des \u00e9v\u00e9nements.<\/p>\n","protected":false},"author":2,"featured_media":16828,"parent":0,"menu_order":0,"comment_status":"closed","ping_status":"closed","template":"template-events.php","meta":{"_acf_changed":false,"footnotes":""},"class_list":["post-16786","page","type-page","status-publish","has-post-thumbnail","hentry"],"acf":[],"yoast_head":"<!-- This site is optimized with the Yoast SEO plugin v27.2 - https:\/\/yoast.com\/product\/yoast-seo-wordpress\/ -->\n<title>\u00c9v\u00e9nements - Sagen\ud83c\udd6a<\/title>\n<meta name=\"robots\" content=\"index, follow, max-snippet:-1, max-image-preview:large, max-video-preview:-1\" \/>\n<link rel=\"canonical\" href=\"https:\/\/www.sagen.ca\/fr\/evenements\/\" \/>\n<meta property=\"og:locale\" content=\"fr_FR\" \/>\n<meta property=\"og:type\" content=\"article\" \/>\n<meta property=\"og:title\" content=\"\u00c9v\u00e9nements - Sagen\ud83c\udd6a\" \/>\n<meta property=\"og:description\" content=\"Nous proposons divers \u00e9v\u00e9nements tout au long de l\u2019ann\u00e9e pour aider les professionnels hypoth\u00e9caires \u00e0 accro\u00eetre leurs affaires gr\u00e2ce \u00e0 des laboratoires d\u2019apprentissage, des balados, des webinaires, des conf\u00e9rences et des \u00e9v\u00e9nements.\" \/>\n<meta property=\"og:url\" content=\"https:\/\/www.sagen.ca\/fr\/evenements\/\" \/>\n<meta property=\"og:site_name\" content=\"Sagen\ud83c\udd6a\" \/>\n<meta property=\"article:modified_time\" content=\"2024-12-17T20:07:11+00:00\" \/>\n<meta property=\"og:image\" content=\"https:\/\/www.sagen.ca\/wp-content\/uploads\/2023\/09\/cowomen-7Zy2KV76Mts-unsplash-scaled.jpg\" \/>\n\t<meta property=\"og:image:width\" content=\"5000\" \/>\n\t<meta property=\"og:image:height\" content=\"3333\" \/>\n\t<meta property=\"og:image:type\" content=\"image\/jpeg\" \/>\n<meta name=\"twitter:card\" content=\"summary_large_image\" \/>\n<meta name=\"twitter:label1\" content=\"Dur\u00e9e de lecture estim\u00e9e\" \/>\n\t<meta name=\"twitter:data1\" content=\"1 minute\" \/>\n<!-- \/ Yoast SEO plugin. -->","yoast_head_json":{"title":"\u00c9v\u00e9nements - Sagen\ud83c\udd6a","robots":{"index":"index","follow":"follow","max-snippet":"max-snippet:-1","max-image-preview":"max-image-preview:large","max-video-preview":"max-video-preview:-1"},"canonical":"https:\/\/www.sagen.ca\/fr\/evenements\/","og_locale":"fr_FR","og_type":"article","og_title":"\u00c9v\u00e9nements - Sagen\ud83c\udd6a","og_description":"Nous proposons divers \u00e9v\u00e9nements tout au long de l\u2019ann\u00e9e pour aider les professionnels hypoth\u00e9caires \u00e0 accro\u00eetre leurs affaires gr\u00e2ce \u00e0 des laboratoires d\u2019apprentissage, des balados, des webinaires, des conf\u00e9rences et des \u00e9v\u00e9nements.","og_url":"https:\/\/www.sagen.ca\/fr\/evenements\/","og_site_name":"Sagen\ud83c\udd6a","article_modified_time":"2024-12-17T20:07:11+00:00","og_image":[{"width":5000,"height":3333,"url":"https:\/\/www.sagen.ca\/wp-content\/uploads\/2023\/09\/cowomen-7Zy2KV76Mts-unsplash-scaled.jpg","type":"image\/jpeg"}],"twitter_card":"summary_large_image","twitter_misc":{"Dur\u00e9e de lecture estim\u00e9e":"1 minute"},"schema":{"@context":"https:\/\/schema.org","@graph":[{"@type":"WebPage","@id":"https:\/\/www.sagen.ca\/fr\/evenements\/","url":"https:\/\/www.sagen.ca\/fr\/evenements\/","name":"\u00c9v\u00e9nements - Sagen\ud83c\udd6a","isPartOf":{"@id":"https:\/\/www.sagen.ca\/fr\/#website"},"primaryImageOfPage":{"@id":"https:\/\/www.sagen.ca\/fr\/evenements\/#primaryimage"},"image":{"@id":"https:\/\/www.sagen.ca\/fr\/evenements\/#primaryimage"},"thumbnailUrl":"https:\/\/www.sagen.ca\/wp-content\/uploads\/2023\/09\/cowomen-7Zy2KV76Mts-unsplash-scaled.jpg","datePublished":"2023-07-06T20:59:52+00:00","dateModified":"2024-12-17T20:07:11+00:00","breadcrumb":{"@id":"https:\/\/www.sagen.ca\/fr\/evenements\/#breadcrumb"},"inLanguage":"fr-FR","potentialAction":[{"@type":"ReadAction","target":["https:\/\/www.sagen.ca\/fr\/evenements\/"]}]},{"@type":"ImageObject","inLanguage":"fr-FR","@id":"https:\/\/www.sagen.ca\/fr\/evenements\/#primaryimage","url":"https:\/\/www.sagen.ca\/wp-content\/uploads\/2023\/09\/cowomen-7Zy2KV76Mts-unsplash-scaled.jpg","contentUrl":"https:\/\/www.sagen.ca\/wp-content\/uploads\/2023\/09\/cowomen-7Zy2KV76Mts-unsplash-scaled.jpg","width":5000,"height":3333},{"@type":"BreadcrumbList","@id":"https:\/\/www.sagen.ca\/fr\/evenements\/#breadcrumb","itemListElement":[{"@type":"ListItem","position":1,"name":"Home","item":"https:\/\/www.sagen.ca\/fr\/"},{"@type":"ListItem","position":2,"name":"\u00c9v\u00e9nements"}]},{"@type":"WebSite","@id":"https:\/\/www.sagen.ca\/fr\/#website","url":"https:\/\/www.sagen.ca\/fr\/","name":"Sagen\ud83c\udd6a","description":"Sagen\ud83c\udd6a Canada","publisher":{"@id":"https:\/\/www.sagen.ca\/fr\/#organization"},"potentialAction":[{"@type":"SearchAction","target":{"@type":"EntryPoint","urlTemplate":"https:\/\/www.sagen.ca\/fr\/?s={search_term_string}"},"query-input":{"@type":"PropertyValueSpecification","valueRequired":true,"valueName":"search_term_string"}}],"inLanguage":"fr-FR"},{"@type":"Organization","@id":"https:\/\/www.sagen.ca\/fr\/#organization","name":"Sagen\ud83c\udd6a","url":"https:\/\/www.sagen.ca\/fr\/","logo":{"@type":"ImageObject","inLanguage":"fr-FR","@id":"https:\/\/www.sagen.ca\/fr\/#\/schema\/logo\/image\/","url":"https:\/\/www.sagen.ca\/wp-content\/uploads\/2020\/09\/sagen-logo-TM_dark-bg-1.svg","contentUrl":"https:\/\/www.sagen.ca\/wp-content\/uploads\/2020\/09\/sagen-logo-TM_dark-bg-1.svg","caption":"Sagen\ud83c\udd6a"},"image":{"@id":"https:\/\/www.sagen.ca\/fr\/#\/schema\/logo\/image\/"}}]}},"_links":{"self":[{"href":"https:\/\/www.sagen.ca\/fr\/wp-json\/wp\/v2\/pages\/16786","targetHints":{"allow":["GET"]}}],"collection":[{"href":"https:\/\/www.sagen.ca\/fr\/wp-json\/wp\/v2\/pages"}],"about":[{"href":"https:\/\/www.sagen.ca\/fr\/wp-json\/wp\/v2\/types\/page"}],"author":[{"embeddable":true,"href":"https:\/\/www.sagen.ca\/fr\/wp-json\/wp\/v2\/users\/2"}],"replies":[{"embeddable":true,"href":"https:\/\/www.sagen.ca\/fr\/wp-json\/wp\/v2\/comments?post=16786"}],"version-history":[{"count":0,"href":"https:\/\/www.sagen.ca\/fr\/wp-json\/wp\/v2\/pages\/16786\/revisions"}],"wp:featuredmedia":[{"embeddable":true,"href":"https:\/\/www.sagen.ca\/fr\/wp-json\/wp\/v2\/media\/16828"}],"wp:attachment":[{"href":"https:\/\/www.sagen.ca\/fr\/wp-json\/wp\/v2\/media?parent=16786"}],"curies":[{"name":"wp","href":"https:\/\/api.w.org\/{rel}","templated":true}]}}