{"id":2114,"date":"2020-05-06T14:44:42","date_gmt":"2020-05-06T14:44:42","guid":{"rendered":"https:\/\/sagen.wpengine.com\/a-propos-de\/who-we-are\/"},"modified":"2022-08-24T21:23:40","modified_gmt":"2022-08-24T21:23:40","slug":"qui-nous-sommes","status":"publish","type":"page","link":"https:\/\/www.sagen.ca\/fr\/a-propos-de\/qui-nous-sommes\/","title":{"rendered":"Qui nous sommes"},"content":{"rendered":"\t\t<div data-elementor-type=\"wp-page\" data-elementor-id=\"2114\" class=\"elementor elementor-2114 elementor-191\" data-elementor-post-type=\"page\">\n\t\t\t\t\t\t<section class=\"elementor-section elementor-top-section elementor-element elementor-element-70fd9e5 elementor-section-full_width elementor-section-height-default elementor-section-height-default\" data-id=\"70fd9e5\" data-element_type=\"section\" data-e-type=\"section\">\n\t\t\t\t\t\t<div class=\"elementor-container elementor-column-gap-no\">\n\t\t\t\t\t<div class=\"elementor-column elementor-col-100 elementor-top-column elementor-element elementor-element-5674444\" data-id=\"5674444\" data-element_type=\"column\" data-e-type=\"column\">\n\t\t\t<div class=\"elementor-widget-wrap elementor-element-populated\">\n\t\t\t\t\t\t<div class=\"elementor-element elementor-element-3148fa2 elementor-widget elementor-widget-maintitle\" data-id=\"3148fa2\" data-element_type=\"widget\" data-e-type=\"widget\" data-widget_type=\"maintitle.default\">\n\t\t\t\t<div class=\"elementor-widget-container\">\n\t\t\t\t\t\t\t<div class=\"main-title-content-image-left-right\">\n\t\t\t<div class=\"inner-left-right\">\n\t\t\t\t\t\t\t\t<div class=\"left-pane\">\n\t\t\t\t\t<h1>Qui nous sommes<\/h1>\n\t\t\t\t\t<div>Bienvenue \u00e0 Sagen<\/div>\n\t\t\t\t<\/div>\n                <div class=\"right-pane\">\n                    <img fetchpriority=\"high\" decoding=\"async\" width=\"540\" height=\"475\" src=\"https:\/\/www.sagen.ca\/wp-content\/uploads\/2020\/08\/products-landing-540x475.jpg\" class=\"attachment-main-left-right size-main-left-right\" alt=\"Vue a\u00e9rienne d\u2019une maison face au ciel\" \/>                <\/div>\n\t\t\t<\/div>\n\t\t<\/div>\n\t\t\t\t\t\t<\/div>\n\t\t\t\t<\/div>\n\t\t\t\t\t<\/div>\n\t\t<\/div>\n\t\t\t\t\t<\/div>\n\t\t<\/section>\n\t\t\t\t<section class=\"elementor-section elementor-top-section elementor-element elementor-element-2bbd9ae elementor-section-boxed elementor-section-height-default elementor-section-height-default\" data-id=\"2bbd9ae\" data-element_type=\"section\" data-e-type=\"section\">\n\t\t\t\t\t\t<div class=\"elementor-container elementor-column-gap-default\">\n\t\t\t\t\t<div class=\"elementor-column elementor-col-100 elementor-top-column elementor-element elementor-element-b1442d1\" data-id=\"b1442d1\" data-element_type=\"column\" data-e-type=\"column\">\n\t\t\t<div class=\"elementor-widget-wrap elementor-element-populated\">\n\t\t\t\t\t\t<div class=\"elementor-element elementor-element-d895128 elementor-widget elementor-widget-video\" data-id=\"d895128\" data-element_type=\"widget\" data-e-type=\"widget\" data-settings=\"{&quot;video_type&quot;:&quot;hosted&quot;,&quot;show_image_overlay&quot;:&quot;yes&quot;,&quot;image_overlay&quot;:{&quot;url&quot;:&quot;https:\\\/\\\/www.sagen.ca\\\/wp-content\\\/uploads\\\/2020\\\/10\\\/who-we-are-video-poster.jpg&quot;,&quot;id&quot;:2215,&quot;size&quot;:&quot;&quot;,&quot;alt&quot;:&quot;&quot;,&quot;source&quot;:&quot;library&quot;},&quot;controls&quot;:&quot;yes&quot;}\" data-widget_type=\"video.default\">\n\t\t\t\t<div class=\"elementor-widget-container\">\n\t\t\t\t\t\t\t<div class=\"e-hosted-video elementor-wrapper elementor-open-inline\">\n\t\t\t\t\t<video class=\"elementor-video\" src=\"https:\/\/www.sagen.ca\/wp-content\/uploads\/2020\/10\/Genworth-Sagen-Website-FR-v2-Compressed.mp4\" controls=\"\" preload=\"metadata\" controlsList=\"nodownload\" poster=\"https:\/\/www.sagen.ca\/wp-content\/uploads\/2020\/10\/who-we-are-video-poster.jpg\"><\/video>\n\t\t\t\t\t\t<div class=\"elementor-custom-embed-image-overlay lazyload\" style=\"background-image:inherit;\" data-bg-image=\"url(https:\/\/www.sagen.ca\/wp-content\/uploads\/2020\/10\/who-we-are-video-poster.jpg)\">\n\t\t\t\t\t\t\t\t\t\t\t\t\t\t\t\t<div class=\"elementor-custom-embed-play\" role=\"button\" aria-label=\"Play Video\" tabindex=\"0\">\n\t\t\t\t\t\t\t<i aria-hidden=\"true\" class=\"eicon-play\"><\/i>\t\t\t\t\t\t<\/div>\n\t\t\t\t\t\t\t\t\t<\/div>\n\t\t\t\t\t<\/div>\n\t\t\t\t\t\t<\/div>\n\t\t\t\t<\/div>\n\t\t\t\t<div class=\"elementor-element elementor-element-fa90ab7 elementor-widget elementor-widget-html\" data-id=\"fa90ab7\" data-element_type=\"widget\" data-e-type=\"widget\" data-widget_type=\"html.default\">\n\t\t\t\t<div class=\"elementor-widget-container\">\n\t\t\t\t\t<script> \njQuery(document).ready(function($) { \nvar delay = 100; setTimeout(function() { \n$('.elementor-tab-title').removeClass('elementor-active');\n $('.elementor-tab-content').css('display', 'none'); }, delay); \n}); \n<\/script>\t\t\t\t<\/div>\n\t\t\t\t<\/div>\n\t\t\t\t<section class=\"elementor-section elementor-inner-section elementor-element elementor-element-6bb6774 elementor-section-boxed elementor-section-height-default elementor-section-height-default\" data-id=\"6bb6774\" data-element_type=\"section\" data-e-type=\"section\">\n\t\t\t\t\t\t<div class=\"elementor-container elementor-column-gap-default\">\n\t\t\t\t\t<div class=\"elementor-column elementor-col-50 elementor-inner-column elementor-element elementor-element-0d4cec3\" data-id=\"0d4cec3\" data-element_type=\"column\" data-e-type=\"column\">\n\t\t\t<div class=\"elementor-widget-wrap elementor-element-populated\">\n\t\t\t\t\t\t<div class=\"elementor-element elementor-element-3b46238 elementor-widget elementor-widget-toggle\" data-id=\"3b46238\" data-element_type=\"widget\" data-e-type=\"widget\" data-widget_type=\"toggle.default\">\n\t\t\t\t<div class=\"elementor-widget-container\">\n\t\t\t\t\t\t\t<div class=\"elementor-toggle\">\n\t\t\t\t\t\t\t<div class=\"elementor-toggle-item\">\n\t\t\t\t\t<div id=\"elementor-tab-title-6211\" class=\"elementor-tab-title\" data-tab=\"1\" role=\"button\" aria-controls=\"elementor-tab-content-6211\" aria-expanded=\"false\">\n\t\t\t\t\t\t\t\t\t\t\t\t<span class=\"elementor-toggle-icon elementor-toggle-icon-left\" aria-hidden=\"true\">\n\t\t\t\t\t\t\t\t\t\t\t\t\t\t\t<span class=\"elementor-toggle-icon-closed\"><i class=\"fas fa-plus\"><\/i><\/span>\n\t\t\t\t\t\t\t\t<span class=\"elementor-toggle-icon-opened\"><i class=\"elementor-toggle-icon-opened fas fa-minus\"><\/i><\/span>\n\t\t\t\t\t\t\t\t\t\t\t\t\t<\/span>\n\t\t\t\t\t\t\t\t\t\t\t\t<a class=\"elementor-toggle-title\" tabindex=\"0\">Afficher la transcription<\/a>\n\t\t\t\t\t<\/div>\n\n\t\t\t\t\t<div id=\"elementor-tab-content-6211\" class=\"elementor-tab-content elementor-clearfix\" data-tab=\"1\" role=\"region\" aria-labelledby=\"elementor-tab-title-6211\"><p>Genworth Canada\u2026.. s\u2019appelle maintenant Sagen.<\/p><p>M\u00eame si nous avons chang\u00e9 de nom, notre entreprise demeure la m\u00eame. Depuis 1995, nous nous engageons \u00e0 faire \u00e9voluer le march\u00e9 de l\u2019habitation au Canada afin de faciliter l\u2019accession \u00e0 la propri\u00e9t\u00e9 pour les acheteurs d\u2019une premi\u00e8re maison.<\/p><p>Comment y arrivons-nous?<\/p><p>En proposant des solutions d\u2019assurance pr\u00eat hypoth\u00e9caire novatrices aux pr\u00eateurs, aux courtiers hypoth\u00e9caires et aux courtiers immobiliers pour les aider \u00e0 offrir ce dont leurs clients ont besoin.<br><\/p><p>En offrant le plus haut niveau de service aux partenaires de l\u2019industrie, faisant de chaque transaction la plus importante.&nbsp;<\/p><p>En gardant une longueur d\u2019avance sur les changements de l\u2019industrie, en travaillant avec les d\u00e9cideurs et en aidant nos clients \u00e0 s\u2019adapter et \u00e0 prosp\u00e9rer dans de nouveaux environnements.<\/p><p>Ultimement, notre objectif est le m\u00eame que le v\u00f4tre, c\u2019est-\u00e0-dire d\u2019aider les acheteurs de maison \u00e0 r\u00e9aliser leur r\u00eave de devenir propri\u00e9taires.<br><\/p><p>Notre nouvelle marque refl\u00e8te un grand nombre des valeurs que nous d\u00e9fendrons toujours.<br><\/p><p>Notre leadership \u00e9clair\u00e9 qui aide \u00e0 comprendre les changements de l\u2019industrie et \u00e0 s\u2019y adapter.<br><\/p><p>Notre engagement ind\u00e9fectible envers nos clients et des besoins de leurs clients.<\/p><p>Notre transparence totale et imm\u00e9diate tout au long du processus transactionnel avec nos partenaires.&nbsp;<\/p><p>Notre empathie et notre respect \u00e0 l\u2019\u00e9gard de nos pr\u00e9cieuses relations.<\/p><p>Et nos niveaux de satisfaction des clients et de service \u00e0 la client\u00e8le qui n\u2019ont pas leur pareil dans l\u2019industrie.<\/p><p>Nos valeurs sont \u00e9ternelles, \u00e0 l\u2019instar de notre promesse. Nous sommes convaincus de pouvoir devenir le partenaire le plus fiable pour les pr\u00eateurs et les partenaires de l\u2019industrie partout au Canada.<\/p><p>Nous voil\u00e0 au d\u00e9but d\u2019une \u00e8re nouvelle.<br><\/p><p>Nous proposons une \u00e9nergie renouvel\u00e9e.<\/p><p>Nous vous souhaitons la bienvenue chez Sagen.<\/p><\/div>\n\t\t\t\t<\/div>\n\t\t\t\t\t\t\t\t<\/div>\n\t\t\t\t\t\t<\/div>\n\t\t\t\t<\/div>\n\t\t\t\t\t<\/div>\n\t\t<\/div>\n\t\t\t\t<div class=\"elementor-column elementor-col-50 elementor-inner-column elementor-element elementor-element-f34b0f2\" data-id=\"f34b0f2\" data-element_type=\"column\" data-e-type=\"column\">\n\t\t\t<div class=\"elementor-widget-wrap\">\n\t\t\t\t\t\t\t<\/div>\n\t\t<\/div>\n\t\t\t\t\t<\/div>\n\t\t<\/section>\n\t\t\t\t\t<\/div>\n\t\t<\/div>\n\t\t\t\t\t<\/div>\n\t\t<\/section>\n\t\t\t\t<section class=\"elementor-section elementor-top-section elementor-element elementor-element-cf0e914 elementor-block elementor-section-boxed elementor-section-height-default elementor-section-height-default\" data-id=\"cf0e914\" data-element_type=\"section\" data-e-type=\"section\">\n\t\t\t\t\t\t<div class=\"elementor-container elementor-column-gap-default\">\n\t\t\t\t\t<div class=\"elementor-column elementor-col-100 elementor-top-column elementor-element elementor-element-e248a5e\" data-id=\"e248a5e\" data-element_type=\"column\" data-e-type=\"column\">\n\t\t\t<div class=\"elementor-widget-wrap elementor-element-populated\">\n\t\t\t\t\t\t<section class=\"elementor-section elementor-inner-section elementor-element elementor-element-991fb99 elementor-section-boxed elementor-section-height-default elementor-section-height-default\" data-id=\"991fb99\" data-element_type=\"section\" data-e-type=\"section\">\n\t\t\t\t\t\t<div class=\"elementor-container elementor-column-gap-default\">\n\t\t\t\t\t<div class=\"elementor-column elementor-col-33 elementor-inner-column elementor-element elementor-element-ee2c8fe\" data-id=\"ee2c8fe\" data-element_type=\"column\" data-e-type=\"column\">\n\t\t\t<div class=\"elementor-widget-wrap\">\n\t\t\t\t\t\t\t<\/div>\n\t\t<\/div>\n\t\t\t\t<div class=\"elementor-column elementor-col-33 elementor-inner-column elementor-element elementor-element-848887d\" data-id=\"848887d\" data-element_type=\"column\" data-e-type=\"column\">\n\t\t\t<div class=\"elementor-widget-wrap elementor-element-populated\">\n\t\t\t\t\t\t<div class=\"elementor-element elementor-element-e8dbc19 elementor-widget elementor-widget-text-editor\" data-id=\"e8dbc19\" data-element_type=\"widget\" data-e-type=\"widget\" data-widget_type=\"text-editor.default\">\n\t\t\t\t<div class=\"elementor-widget-container\">\n\t\t\t\t\t\t\t\t\t<p class=\"circular-font bolder primary-text\" style=\"font-size: 42px; line-height: 1.25;\">\nNotre monde tourne autour de vous.<\/p>\n<p class=\"lg-font\">En tant que principale compagnie d&#8217;assurance hypoth\u00e9caire priv\u00e9e au Canada, Sagen s&#8217;efforce d&#8217;\u00eatre le partenaire le plus fiable pour les pr\u00eateurs et courtiers hypoth\u00e9caires depuis plus de 25 ans.<\/p>\n<p class=\"lg-font\">Notre expertise en service \u00e0 la client\u00e8le de qualit\u00e9 sup\u00e9rieure, notre leadership \u00e9clair\u00e9 et notre connaissance de l&#8217;industrie nous ont permis d&#8217;\u00eatre une force motrice pour notre partie prenante la plus importante, nos pr\u00e9cieux clients. Ayant son si\u00e8ge social \u00e0 Oakville, en Ontario, notre \u00e9quipe de partout au pays travaille sans rel\u00e2che pour faire de chaque transaction la transaction la plus importante. Nous sommes \u00e0 100 % de propri\u00e9t\u00e9 canadienne et croyons qu&#8217;il est important d&#8217;aider tous les Canadiens \u00e0 r\u00e9aliser leurs r\u00eaves d&#8217;accession \u00e0 la propri\u00e9t\u00e9.<\/p>\t\t\t\t\t\t\t\t<\/div>\n\t\t\t\t<\/div>\n\t\t\t\t\t<\/div>\n\t\t<\/div>\n\t\t\t\t<div class=\"elementor-column elementor-col-33 elementor-inner-column elementor-element elementor-element-8127393\" data-id=\"8127393\" data-element_type=\"column\" data-e-type=\"column\">\n\t\t\t<div class=\"elementor-widget-wrap\">\n\t\t\t\t\t\t\t<\/div>\n\t\t<\/div>\n\t\t\t\t\t<\/div>\n\t\t<\/section>\n\t\t\t\t\t<\/div>\n\t\t<\/div>\n\t\t\t\t\t<\/div>\n\t\t<\/section>\n\t\t\t\t<section class=\"elementor-section elementor-top-section elementor-element elementor-element-ef1a417 elementor-block brand-values elementor-section-boxed elementor-section-height-default elementor-section-height-default\" data-id=\"ef1a417\" data-element_type=\"section\" data-e-type=\"section\" data-settings=\"{&quot;background_background&quot;:&quot;classic&quot;}\">\n\t\t\t\t\t\t<div class=\"elementor-container elementor-column-gap-default\">\n\t\t\t\t\t<div class=\"elementor-column elementor-col-100 elementor-top-column elementor-element elementor-element-08c998e\" data-id=\"08c998e\" data-element_type=\"column\" data-e-type=\"column\">\n\t\t\t<div class=\"elementor-widget-wrap elementor-element-populated\">\n\t\t\t\t\t\t<section class=\"elementor-section elementor-inner-section elementor-element elementor-element-eced7f5 elementor-reduce-width elementor-section-boxed elementor-section-height-default elementor-section-height-default\" data-id=\"eced7f5\" data-element_type=\"section\" data-e-type=\"section\">\n\t\t\t\t\t\t<div class=\"elementor-container elementor-column-gap-default\">\n\t\t\t\t\t<div class=\"elementor-column elementor-col-50 elementor-inner-column elementor-element elementor-element-5735450 brand-values-title\" data-id=\"5735450\" data-element_type=\"column\" data-e-type=\"column\">\n\t\t\t<div class=\"elementor-widget-wrap elementor-element-populated\">\n\t\t\t\t\t\t<div class=\"elementor-element elementor-element-058848d elementor-widget elementor-widget-text-editor\" data-id=\"058848d\" data-element_type=\"widget\" data-e-type=\"widget\" data-widget_type=\"text-editor.default\">\n\t\t\t\t<div class=\"elementor-widget-container\">\n\t\t\t\t\t\t\t\t\t<h2 class=\"white-text elementor-circle-dark\">Les valeurs de notre marque<\/h2>\n\t\t\t\t\t\t\t\t<\/div>\n\t\t\t\t<\/div>\n\t\t\t\t\t<\/div>\n\t\t<\/div>\n\t\t\t\t<div class=\"elementor-column elementor-col-50 elementor-inner-column elementor-element elementor-element-3c2abe4 brand-values-col\" data-id=\"3c2abe4\" data-element_type=\"column\" data-e-type=\"column\">\n\t\t\t<div class=\"elementor-widget-wrap elementor-element-populated\">\n\t\t\t\t\t\t<div class=\"elementor-element elementor-element-8182bf8 elementor-widget elementor-widget-text-editor\" data-id=\"8182bf8\" data-element_type=\"widget\" data-e-type=\"widget\" data-widget_type=\"text-editor.default\">\n\t\t\t\t<div class=\"elementor-widget-container\">\n\t\t\t\t\t\t\t\t\t<p><span class=\"white-text circular-font\">Engagement<\/span><\/p>\n<p class=\"white-text md-font\">Nous sommes pr\u00e9sents pour nos partenaires : Les pr\u00eateurs du Canada. C\u2019est notre travail de les tenir au courant et de leur fournir les outils dont ils ont besoin.<\/p>\n\t\t\t\t\t\t\t\t<\/div>\n\t\t\t\t<\/div>\n\t\t\t\t<div class=\"elementor-element elementor-element-44cf458 elementor-widget elementor-widget-text-editor\" data-id=\"44cf458\" data-element_type=\"widget\" data-e-type=\"widget\" data-widget_type=\"text-editor.default\">\n\t\t\t\t<div class=\"elementor-widget-container\">\n\t\t\t\t\t\t\t\t\t<p><span class=\"white-text circular-font\">Transparence<\/span><\/p>\n<p class=\"white-text md-font\">Nous faisons toujours preuve de r\u00e9flexion lors de chaque prise de d\u00e9cision. C\u2019est ainsi que nous favorisons la confiance, et nous ne prenons pas cela \u00e0 la l\u00e9g\u00e8re.<\/p>\n\t\t\t\t\t\t\t\t<\/div>\n\t\t\t\t<\/div>\n\t\t\t\t<div class=\"elementor-element elementor-element-ed4346e elementor-widget elementor-widget-text-editor\" data-id=\"ed4346e\" data-element_type=\"widget\" data-e-type=\"widget\" data-widget_type=\"text-editor.default\">\n\t\t\t\t<div class=\"elementor-widget-container\">\n\t\t\t\t\t\t\t\t\t<p><span class=\"white-text circular-font\">Respect<\/span><\/p>\n<p class=\"white-text md-font\">Nous croyons fermement que tous devraient \u00eatre trait\u00e9s avec la m\u00eame consid\u00e9ration, le m\u00eame soin et la m\u00eame courtoisie.<\/p>\n\t\t\t\t\t\t\t\t<\/div>\n\t\t\t\t<\/div>\n\t\t\t\t<div class=\"elementor-element elementor-element-8aec93f elementor-widget elementor-widget-text-editor\" data-id=\"8aec93f\" data-element_type=\"widget\" data-e-type=\"widget\" data-widget_type=\"text-editor.default\">\n\t\t\t\t<div class=\"elementor-widget-container\">\n\t\t\t\t\t\t\t\t\t<p><span class=\"white-text circular-font\">Service<\/span><\/p>\n<p class=\"white-text md-font\">Nous faisons tout ce qui est en notre pouvoir pour offrir le service exceptionnel pour lequel nous avons toujours \u00e9t\u00e9 reconnus, et pour trouver de nouvelles fa\u00e7ons de nous am\u00e9liorer constamment. <\/p>\n\t\t\t\t\t\t\t\t<\/div>\n\t\t\t\t<\/div>\n\t\t\t\t<div class=\"elementor-element elementor-element-3cfa4e0 elementor-widget elementor-widget-text-editor\" data-id=\"3cfa4e0\" data-element_type=\"widget\" data-e-type=\"widget\" data-widget_type=\"text-editor.default\">\n\t\t\t\t<div class=\"elementor-widget-container\">\n\t\t\t\t\t\t\t\t\t<p><span class=\"white-text circular-font\">Intelligence<\/span><\/p>\n<p class=\"white-text md-font\">Nous croyons qu\u2019il faut travailler plus intelligemment. Les donn\u00e9es \u00e9clairent nos d\u00e9cisions, mais nos gens, et leurs ann\u00e9es d\u2019exp\u00e9rience, sont le moteur de notre innovation.<\/p>\n\t\t\t\t\t\t\t\t<\/div>\n\t\t\t\t<\/div>\n\t\t\t\t<div class=\"elementor-element elementor-element-9434d91 elementor-widget elementor-widget-text-editor\" data-id=\"9434d91\" data-element_type=\"widget\" data-e-type=\"widget\" data-widget_type=\"text-editor.default\">\n\t\t\t\t<div class=\"elementor-widget-container\">\n\t\t\t\t\t\t\t\t\t<p><span class=\"white-text circular-font\">Leadership \u00e9clair\u00e9<\/span><\/p>\n<p class=\"white-text md-font\">Qu\u2019il s\u2019agisse d\u2019id\u00e9es sur les politiques, l\u2019\u00e9conomie et les nouvelles tendances, ou de pratiques exemplaires pour les pr\u00eateurs, nous sommes passionn\u00e9s par la communication de nos connaissances.<\/p>\n\t\t\t\t\t\t\t\t<\/div>\n\t\t\t\t<\/div>\n\t\t\t\t\t<\/div>\n\t\t<\/div>\n\t\t\t\t\t<\/div>\n\t\t<\/section>\n\t\t\t\t\t<\/div>\n\t\t<\/div>\n\t\t\t\t\t<\/div>\n\t\t<\/section>\n\t\t\t\t<\/div>\n\t\t","protected":false},"excerpt":{"rendered":"<p>Qui nous sommes Bienvenue \u00e0 Sagen https:\/\/www.sagen.ca\/wp-content\/uploads\/2020\/10\/Genworth-Sagen-Website-FR-v2-Compressed.mp4 Afficher la transcription Genworth Canada\u2026.. s\u2019appelle maintenant Sagen. M\u00eame si nous avons chang\u00e9 de nom, notre entreprise demeure la m\u00eame. Depuis 1995, nous nous engageons \u00e0 faire \u00e9voluer le march\u00e9 de l\u2019habitation au Canada afin de faciliter l\u2019accession \u00e0 la propri\u00e9t\u00e9 pour les acheteurs d\u2019une premi\u00e8re maison. Comment<\/p>\n","protected":false},"author":2,"featured_media":1594,"parent":618,"menu_order":0,"comment_status":"closed","ping_status":"closed","template":"template-elementor-no-above-footer.php","meta":{"_acf_changed":false,"footnotes":""},"class_list":["post-2114","page","type-page","status-publish","has-post-thumbnail","hentry"],"acf":[],"yoast_head":"<!-- This site is optimized with the Yoast SEO plugin v27.2 - https:\/\/yoast.com\/product\/yoast-seo-wordpress\/ -->\n<title>Qui nous sommes - Sagen\ud83c\udd6a<\/title>\n<meta name=\"description\" content=\"Bien que notre nom ait chang\u00e9, notre promesse sera toujours la m\u00eame. Nous sommes convaincus de pouvoir devenir le partenaire le plus fiable pour les pr\u00eateurs et les courtiers hypoth\u00e9caires de l\u2019industrie partout au Canada.\" \/>\n<meta name=\"robots\" content=\"index, follow, max-snippet:-1, max-image-preview:large, max-video-preview:-1\" \/>\n<link rel=\"canonical\" href=\"https:\/\/www.sagen.ca\/fr\/a-propos-de\/qui-nous-sommes\/\" \/>\n<meta property=\"og:locale\" content=\"fr_FR\" \/>\n<meta property=\"og:type\" content=\"article\" \/>\n<meta property=\"og:title\" content=\"Qui nous sommes - Sagen\ud83c\udd6a\" \/>\n<meta property=\"og:description\" content=\"Bien que notre nom ait chang\u00e9, notre promesse sera toujours la m\u00eame. Nous sommes convaincus de pouvoir devenir le partenaire le plus fiable pour les pr\u00eateurs et les courtiers hypoth\u00e9caires de l\u2019industrie partout au Canada.\" \/>\n<meta property=\"og:url\" content=\"https:\/\/www.sagen.ca\/fr\/a-propos-de\/qui-nous-sommes\/\" \/>\n<meta property=\"og:site_name\" content=\"Sagen\ud83c\udd6a\" \/>\n<meta property=\"article:modified_time\" content=\"2022-08-24T21:23:40+00:00\" \/>\n<meta property=\"og:image\" content=\"https:\/\/www.sagen.ca\/wp-content\/uploads\/2020\/08\/products-landing.jpg\" \/>\n\t<meta property=\"og:image:width\" content=\"1300\" \/>\n\t<meta property=\"og:image:height\" content=\"867\" \/>\n\t<meta property=\"og:image:type\" content=\"image\/jpeg\" \/>\n<meta name=\"twitter:card\" content=\"summary_large_image\" \/>\n<meta name=\"twitter:label1\" content=\"Dur\u00e9e de lecture estim\u00e9e\" \/>\n\t<meta name=\"twitter:data1\" content=\"4 minutes\" \/>\n<!-- \/ Yoast SEO plugin. -->","yoast_head_json":{"title":"Qui nous sommes - Sagen\ud83c\udd6a","description":"Bien que notre nom ait chang\u00e9, notre promesse sera toujours la m\u00eame. Nous sommes convaincus de pouvoir devenir le partenaire le plus fiable pour les pr\u00eateurs et les courtiers hypoth\u00e9caires de l\u2019industrie partout au Canada.","robots":{"index":"index","follow":"follow","max-snippet":"max-snippet:-1","max-image-preview":"max-image-preview:large","max-video-preview":"max-video-preview:-1"},"canonical":"https:\/\/www.sagen.ca\/fr\/a-propos-de\/qui-nous-sommes\/","og_locale":"fr_FR","og_type":"article","og_title":"Qui nous sommes - Sagen\ud83c\udd6a","og_description":"Bien que notre nom ait chang\u00e9, notre promesse sera toujours la m\u00eame. Nous sommes convaincus de pouvoir devenir le partenaire le plus fiable pour les pr\u00eateurs et les courtiers hypoth\u00e9caires de l\u2019industrie partout au Canada.","og_url":"https:\/\/www.sagen.ca\/fr\/a-propos-de\/qui-nous-sommes\/","og_site_name":"Sagen\ud83c\udd6a","article_modified_time":"2022-08-24T21:23:40+00:00","og_image":[{"width":1300,"height":867,"url":"https:\/\/www.sagen.ca\/wp-content\/uploads\/2020\/08\/products-landing.jpg","type":"image\/jpeg"}],"twitter_card":"summary_large_image","twitter_misc":{"Dur\u00e9e de lecture estim\u00e9e":"4 minutes"},"schema":{"@context":"https:\/\/schema.org","@graph":[{"@type":"WebPage","@id":"https:\/\/www.sagen.ca\/fr\/a-propos-de\/qui-nous-sommes\/","url":"https:\/\/www.sagen.ca\/fr\/a-propos-de\/qui-nous-sommes\/","name":"Qui nous sommes - Sagen\ud83c\udd6a","isPartOf":{"@id":"https:\/\/www.sagen.ca\/fr\/#website"},"primaryImageOfPage":{"@id":"https:\/\/www.sagen.ca\/fr\/a-propos-de\/qui-nous-sommes\/#primaryimage"},"image":{"@id":"https:\/\/www.sagen.ca\/fr\/a-propos-de\/qui-nous-sommes\/#primaryimage"},"thumbnailUrl":"https:\/\/www.sagen.ca\/wp-content\/uploads\/2020\/08\/products-landing.jpg","datePublished":"2020-05-06T14:44:42+00:00","dateModified":"2022-08-24T21:23:40+00:00","description":"Bien que notre nom ait chang\u00e9, notre promesse sera toujours la m\u00eame. Nous sommes convaincus de pouvoir devenir le partenaire le plus fiable pour les pr\u00eateurs et les courtiers hypoth\u00e9caires de l\u2019industrie partout au Canada.","breadcrumb":{"@id":"https:\/\/www.sagen.ca\/fr\/a-propos-de\/qui-nous-sommes\/#breadcrumb"},"inLanguage":"fr-FR","potentialAction":[{"@type":"ReadAction","target":["https:\/\/www.sagen.ca\/fr\/a-propos-de\/qui-nous-sommes\/"]}]},{"@type":"ImageObject","inLanguage":"fr-FR","@id":"https:\/\/www.sagen.ca\/fr\/a-propos-de\/qui-nous-sommes\/#primaryimage","url":"https:\/\/www.sagen.ca\/wp-content\/uploads\/2020\/08\/products-landing.jpg","contentUrl":"https:\/\/www.sagen.ca\/wp-content\/uploads\/2020\/08\/products-landing.jpg","width":1300,"height":867,"caption":"Vue a\u00e9rienne d\u2019une maison face au ciel"},{"@type":"BreadcrumbList","@id":"https:\/\/www.sagen.ca\/fr\/a-propos-de\/qui-nous-sommes\/#breadcrumb","itemListElement":[{"@type":"ListItem","position":1,"name":"Home","item":"https:\/\/www.sagen.ca\/fr\/"},{"@type":"ListItem","position":2,"name":"\u00c0 propos de Sagen","item":"https:\/\/www.sagen.ca\/fr\/a-propos-de\/"},{"@type":"ListItem","position":3,"name":"Qui nous sommes"}]},{"@type":"WebSite","@id":"https:\/\/www.sagen.ca\/fr\/#website","url":"https:\/\/www.sagen.ca\/fr\/","name":"Sagen\ud83c\udd6a","description":"Sagen\ud83c\udd6a Canada","publisher":{"@id":"https:\/\/www.sagen.ca\/fr\/#organization"},"potentialAction":[{"@type":"SearchAction","target":{"@type":"EntryPoint","urlTemplate":"https:\/\/www.sagen.ca\/fr\/?s={search_term_string}"},"query-input":{"@type":"PropertyValueSpecification","valueRequired":true,"valueName":"search_term_string"}}],"inLanguage":"fr-FR"},{"@type":"Organization","@id":"https:\/\/www.sagen.ca\/fr\/#organization","name":"Sagen\ud83c\udd6a","url":"https:\/\/www.sagen.ca\/fr\/","logo":{"@type":"ImageObject","inLanguage":"fr-FR","@id":"https:\/\/www.sagen.ca\/fr\/#\/schema\/logo\/image\/","url":"https:\/\/www.sagen.ca\/wp-content\/uploads\/2020\/09\/sagen-logo-TM_dark-bg-1.svg","contentUrl":"https:\/\/www.sagen.ca\/wp-content\/uploads\/2020\/09\/sagen-logo-TM_dark-bg-1.svg","caption":"Sagen\ud83c\udd6a"},"image":{"@id":"https:\/\/www.sagen.ca\/fr\/#\/schema\/logo\/image\/"}}]}},"_links":{"self":[{"href":"https:\/\/www.sagen.ca\/fr\/wp-json\/wp\/v2\/pages\/2114","targetHints":{"allow":["GET"]}}],"collection":[{"href":"https:\/\/www.sagen.ca\/fr\/wp-json\/wp\/v2\/pages"}],"about":[{"href":"https:\/\/www.sagen.ca\/fr\/wp-json\/wp\/v2\/types\/page"}],"author":[{"embeddable":true,"href":"https:\/\/www.sagen.ca\/fr\/wp-json\/wp\/v2\/users\/2"}],"replies":[{"embeddable":true,"href":"https:\/\/www.sagen.ca\/fr\/wp-json\/wp\/v2\/comments?post=2114"}],"version-history":[{"count":0,"href":"https:\/\/www.sagen.ca\/fr\/wp-json\/wp\/v2\/pages\/2114\/revisions"}],"up":[{"embeddable":true,"href":"https:\/\/www.sagen.ca\/fr\/wp-json\/wp\/v2\/pages\/618"}],"wp:featuredmedia":[{"embeddable":true,"href":"https:\/\/www.sagen.ca\/fr\/wp-json\/wp\/v2\/media\/1594"}],"wp:attachment":[{"href":"https:\/\/www.sagen.ca\/fr\/wp-json\/wp\/v2\/media?parent=2114"}],"curies":[{"name":"wp","href":"https:\/\/api.w.org\/{rel}","templated":true}]}}