{"id":2253,"date":"2020-05-13T18:34:24","date_gmt":"2020-05-13T18:34:24","guid":{"rendered":"https:\/\/sagen.wpengine.com\/accessibilite\/"},"modified":"2020-10-09T16:07:38","modified_gmt":"2020-10-09T16:07:38","slug":"accessibilite","status":"publish","type":"page","link":"https:\/\/www.sagen.ca\/fr\/accessibilite\/","title":{"rendered":"Accessibilit\u00e9"},"content":{"rendered":"\t\t<div data-elementor-type=\"wp-page\" data-elementor-id=\"2253\" class=\"elementor elementor-2253 elementor-422\" data-elementor-post-type=\"page\">\n\t\t\t\t\t\t<section class=\"elementor-section elementor-top-section elementor-element elementor-element-65a0c179 elementor-section-content-middle elementor-hero-nimg supergraphic-partial elementor-section-height-min-height elementor-section-boxed elementor-section-height-default elementor-section-items-middle\" data-id=\"65a0c179\" data-element_type=\"section\" data-e-type=\"section\" data-settings=\"{&quot;background_background&quot;:&quot;classic&quot;}\">\n\t\t\t\t\t\t<div class=\"elementor-container elementor-column-gap-default\">\n\t\t\t\t\t<div class=\"elementor-column elementor-col-100 elementor-top-column elementor-element elementor-element-20be2132\" data-id=\"20be2132\" data-element_type=\"column\" data-e-type=\"column\">\n\t\t\t<div class=\"elementor-widget-wrap elementor-element-populated\">\n\t\t\t\t\t\t<section class=\"elementor-section elementor-inner-section elementor-element elementor-element-348fe278 elementor-section-content-middle elementor-reduce-width elementor-section-boxed elementor-section-height-default elementor-section-height-default\" data-id=\"348fe278\" data-element_type=\"section\" data-e-type=\"section\">\n\t\t\t\t\t\t<div class=\"elementor-container elementor-column-gap-default\">\n\t\t\t\t\t<div class=\"elementor-column elementor-col-100 elementor-inner-column elementor-element elementor-element-41162adf\" data-id=\"41162adf\" data-element_type=\"column\" data-e-type=\"column\">\n\t\t\t<div class=\"elementor-widget-wrap elementor-element-populated\">\n\t\t\t\t\t\t<div class=\"elementor-element elementor-element-4debbb1a elementor-widget elementor-widget-text-editor\" data-id=\"4debbb1a\" data-element_type=\"widget\" data-e-type=\"widget\" data-widget_type=\"text-editor.default\">\n\t\t\t\t<div class=\"elementor-widget-container\">\n\t\t\t\t\t\t\t\t\t<h1 class=\"white-text\">Accessibilit\u00e9<\/h1>\n\t\t\t\t\t\t\t\t<\/div>\n\t\t\t\t<\/div>\n\t\t\t\t\t<\/div>\n\t\t<\/div>\n\t\t\t\t\t<\/div>\n\t\t<\/section>\n\t\t\t\t\t<\/div>\n\t\t<\/div>\n\t\t\t\t\t<\/div>\n\t\t<\/section>\n\t\t\t\t<section class=\"elementor-section elementor-top-section elementor-element elementor-element-62f7d9b elementor-section-boxed elementor-section-height-default elementor-section-height-default\" data-id=\"62f7d9b\" data-element_type=\"section\" data-e-type=\"section\">\n\t\t\t\t\t\t<div class=\"elementor-container elementor-column-gap-default\">\n\t\t\t\t\t<div class=\"elementor-column elementor-col-33 elementor-top-column elementor-element elementor-element-12e538e\" data-id=\"12e538e\" data-element_type=\"column\" data-e-type=\"column\">\n\t\t\t<div class=\"elementor-widget-wrap\">\n\t\t\t\t\t\t\t<\/div>\n\t\t<\/div>\n\t\t\t\t<div class=\"elementor-column elementor-col-33 elementor-top-column elementor-element elementor-element-f7be570\" data-id=\"f7be570\" data-element_type=\"column\" data-e-type=\"column\">\n\t\t\t<div class=\"elementor-widget-wrap elementor-element-populated\">\n\t\t\t\t\t\t<div class=\"elementor-element elementor-element-e681c56 elementor-widget elementor-widget-text-editor\" data-id=\"e681c56\" data-element_type=\"widget\" data-e-type=\"widget\" data-widget_type=\"text-editor.default\">\n\t\t\t\t<div class=\"elementor-widget-container\">\n\t\t\t\t\t\t\t\t\t<p class=\"xl-font\">Sagen<sup>MC<\/sup> s\u2019engage \u00e0 r\u00e9pondre aux besoins de tous ses clients et \u00e0 faciliter l\u2019acc\u00e8s des personnes handicap\u00e9es \u00e0 ses ressources.\n<\/p>\n<h2 class=\"sm-header\">Conformit\u00e9<\/h2>\n<p class=\"lg-font\">Ce site Web respecte le niveau AA des Directives sur l\u2019accessibilit\u00e9 des contenus Web (WCAG) 2.0 et peut \u00eatre utilis\u00e9 avec une technologie d\u2019assistance.\n <\/p>\n<p class=\"lg-font\">Si vous constatez que certaines parties de ce site ne sont pas conformes au niveau AA des directives WCAG 2.0, ou si vous avez une exigence particuli\u00e8re qui n\u2019est pas prise en compte dans le codage ou le contenu de ce site, veuillez communiquer avec nous \u00e0 <a href=\"mailto:hypotheque.info@sagen.ca\">hypotheque.info@sagen.ca<\/a>.<\/p>\n<h2 class=\"sm-header\">Caract\u00e9ristiques d\u2019accessibilit\u00e9 <\/h2>\n<p class=\"lg-font\">Des fonctions d\u2019accessibilit\u00e9 sont disponibles sur un certain nombre de navigateurs mobiles\/d\u2019ordinateurs de bureau et de syst\u00e8mes d\u2019exploitation pour aider \u00e0 am\u00e9liorer votre exp\u00e9rience en ligne. Voici quelques-unes des caract\u00e9ristiques courantes offertes :<\/p>\n<ul>\n<li class=\"lg-font\">Possibilit\u00e9 d\u2019augmenter la taille du texte jusqu\u2019\u00e0 200 %, selon les navigateurs modernes<\/li>\n<li class=\"lg-font\">L\u00e9gendes incluses avec toutes les vid\u00e9os en direct<\/li>\n<li class=\"lg-font\">Zoom de page r\u00e9glable et audio r\u00e9glable, selon la prise en charge des navigateurs modernes<\/li>\n<li class=\"lg-font\">Nombre limit\u00e9 d\u2019images de texte<\/li>\n<li class=\"lg-font\">Couleurs des pages am\u00e9lior\u00e9es pour le contraste<\/li>\n<li class=\"lg-font\">Conforme aux options permettant aux utilisateurs d\u2019utiliser un logiciel de lecture d\u2019\u00e9cran pour lire le contenu d\u2019une page<\/li>\n<li class=\"lg-font\">Multiples fa\u00e7ons pour les utilisateurs de trouver des pages<\/li>\n<li class=\"lg-font\">Ordre logique des priorit\u00e9s avec en-t\u00eates organis\u00e9s et tous les \u00e9l\u00e9ments \u00e9tiquet\u00e9s<\/li>\n<li class=\"lg-font\">Les ic\u00f4nes et les boutons sont clairement con\u00e7us<\/li>\n<li class=\"lg-font\">Menu uniforme dans l\u2019ensemble du site<\/li>\n<li class=\"lg-font\">Les erreurs de saisie de formulaires sont clairement \u00e9tiquet\u00e9es et expliqu\u00e9es<\/li>\n<\/ul>\n<h2 class=\"sm-header\">Touches d\u2019acc\u00e8s<\/h2>\n<p class=\"lg-font\">Les touches d\u2019acc\u00e8s sont des raccourcis permettant aux utilisateurs du clavier de naviguer plus facilement sur le site Web. Les navigateurs Windows utilisent \u00ab Alt \u00bb + \u00ab cl\u00e9 d\u2019acc\u00e8s \u00bb dans Internet Explorer ou Webkit (Chrome, Safari) ; ils utilisent \u00ab Alt \u00bb + \u00ab MAJ \u00bb + \u00ab cl\u00e9 d\u2019acc\u00e8s \u00bb dans Firefox. Les navigateurs Macintosh utilisent \u00ab Control \u00bb et \u00ab cl\u00e9 d\u2019acc\u00e8s \u00bb. Une fois le lien s\u00e9lectionn\u00e9, appuyez sur Entr\u00e9e pour l\u2019activer<\/p>\n<h3 class=\"sm-header\">Pour faciliter l\u2019utilisation de votre ordinateur :<\/h3>\n<p class=\"lg-font\">Pour en savoir plus sur la fa\u00e7on de rendre votre ordinateur plus accessible et plus facile \u00e0 utiliser, consultez le site Web d\u2019AbilityNet. On y trouve toute une gamme de conseils et de suggestions concernant les questions d\u2019accessibilit\u00e9.<\/p>\n\t\t\t\t\t\t\t\t<\/div>\n\t\t\t\t<\/div>\n\t\t\t\t\t<\/div>\n\t\t<\/div>\n\t\t\t\t<div class=\"elementor-column elementor-col-33 elementor-top-column elementor-element elementor-element-a1fa4a8\" data-id=\"a1fa4a8\" data-element_type=\"column\" data-e-type=\"column\">\n\t\t\t<div class=\"elementor-widget-wrap\">\n\t\t\t\t\t\t\t<\/div>\n\t\t<\/div>\n\t\t\t\t\t<\/div>\n\t\t<\/section>\n\t\t\t\t<\/div>\n\t\t","protected":false},"excerpt":{"rendered":"<p>Accessibilit\u00e9 Sagen s\u2019engage \u00e0 r\u00e9pondre aux besoins de tous ses clients et \u00e0 faciliter l\u2019acc\u00e8s des personnes handicap\u00e9es \u00e0 ses ressources. Conformit\u00e9 Ce site Web respecte le niveau AA des Directives sur l\u2019accessibilit\u00e9 des contenus Web (WCAG) 2.0 et peut \u00eatre utilis\u00e9 avec une technologie d\u2019assistance. Si vous constatez que certaines parties de ce site<\/p>\n","protected":false},"author":2,"featured_media":0,"parent":0,"menu_order":0,"comment_status":"closed","ping_status":"closed","template":"template-elementor-no-above-footer.php","meta":{"_acf_changed":false,"footnotes":""},"class_list":["post-2253","page","type-page","status-publish","hentry"],"acf":[],"yoast_head":"<!-- This site is optimized with the Yoast SEO plugin v27.2 - https:\/\/yoast.com\/product\/yoast-seo-wordpress\/ -->\n<title>Accessibilit\u00e9 - Sagen\ud83c\udd6a<\/title>\n<meta name=\"description\" content=\"Sagen\ud83c\udd6a s\u2019engage \u00e0 r\u00e9pondre aux besoins de tous ses clients et \u00e0 faciliter l\u2019acc\u00e8s des personnes handicap\u00e9es \u00e0 ses ressources.\" \/>\n<meta name=\"robots\" content=\"index, follow, max-snippet:-1, max-image-preview:large, max-video-preview:-1\" \/>\n<link rel=\"canonical\" href=\"https:\/\/www.sagen.ca\/fr\/accessibilite\/\" \/>\n<meta property=\"og:locale\" content=\"fr_FR\" \/>\n<meta property=\"og:type\" content=\"article\" \/>\n<meta property=\"og:title\" content=\"Accessibilit\u00e9 - Sagen\ud83c\udd6a\" \/>\n<meta property=\"og:description\" content=\"Sagen\ud83c\udd6a s\u2019engage \u00e0 r\u00e9pondre aux besoins de tous ses clients et \u00e0 faciliter l\u2019acc\u00e8s des personnes handicap\u00e9es \u00e0 ses ressources.\" \/>\n<meta property=\"og:url\" content=\"https:\/\/www.sagen.ca\/fr\/accessibilite\/\" \/>\n<meta property=\"og:site_name\" content=\"Sagen\ud83c\udd6a\" \/>\n<meta property=\"article:modified_time\" content=\"2020-10-09T16:07:38+00:00\" \/>\n<meta name=\"twitter:card\" content=\"summary_large_image\" \/>\n<meta name=\"twitter:label1\" content=\"Dur\u00e9e de lecture estim\u00e9e\" \/>\n\t<meta name=\"twitter:data1\" content=\"2 minutes\" \/>\n<!-- \/ Yoast SEO plugin. -->","yoast_head_json":{"title":"Accessibilit\u00e9 - Sagen\ud83c\udd6a","description":"Sagen\ud83c\udd6a s\u2019engage \u00e0 r\u00e9pondre aux besoins de tous ses clients et \u00e0 faciliter l\u2019acc\u00e8s des personnes handicap\u00e9es \u00e0 ses ressources.","robots":{"index":"index","follow":"follow","max-snippet":"max-snippet:-1","max-image-preview":"max-image-preview:large","max-video-preview":"max-video-preview:-1"},"canonical":"https:\/\/www.sagen.ca\/fr\/accessibilite\/","og_locale":"fr_FR","og_type":"article","og_title":"Accessibilit\u00e9 - Sagen\ud83c\udd6a","og_description":"Sagen\ud83c\udd6a s\u2019engage \u00e0 r\u00e9pondre aux besoins de tous ses clients et \u00e0 faciliter l\u2019acc\u00e8s des personnes handicap\u00e9es \u00e0 ses ressources.","og_url":"https:\/\/www.sagen.ca\/fr\/accessibilite\/","og_site_name":"Sagen\ud83c\udd6a","article_modified_time":"2020-10-09T16:07:38+00:00","twitter_card":"summary_large_image","twitter_misc":{"Dur\u00e9e de lecture estim\u00e9e":"2 minutes"},"schema":{"@context":"https:\/\/schema.org","@graph":[{"@type":"WebPage","@id":"https:\/\/www.sagen.ca\/fr\/accessibilite\/","url":"https:\/\/www.sagen.ca\/fr\/accessibilite\/","name":"Accessibilit\u00e9 - Sagen\ud83c\udd6a","isPartOf":{"@id":"https:\/\/www.sagen.ca\/fr\/#website"},"datePublished":"2020-05-13T18:34:24+00:00","dateModified":"2020-10-09T16:07:38+00:00","description":"Sagen\ud83c\udd6a s\u2019engage \u00e0 r\u00e9pondre aux besoins de tous ses clients et \u00e0 faciliter l\u2019acc\u00e8s des personnes handicap\u00e9es \u00e0 ses ressources.","breadcrumb":{"@id":"https:\/\/www.sagen.ca\/fr\/accessibilite\/#breadcrumb"},"inLanguage":"fr-FR","potentialAction":[{"@type":"ReadAction","target":["https:\/\/www.sagen.ca\/fr\/accessibilite\/"]}]},{"@type":"BreadcrumbList","@id":"https:\/\/www.sagen.ca\/fr\/accessibilite\/#breadcrumb","itemListElement":[{"@type":"ListItem","position":1,"name":"Home","item":"https:\/\/www.sagen.ca\/fr\/"},{"@type":"ListItem","position":2,"name":"Accessibilit\u00e9"}]},{"@type":"WebSite","@id":"https:\/\/www.sagen.ca\/fr\/#website","url":"https:\/\/www.sagen.ca\/fr\/","name":"Sagen\ud83c\udd6a","description":"Sagen\ud83c\udd6a Canada","publisher":{"@id":"https:\/\/www.sagen.ca\/fr\/#organization"},"potentialAction":[{"@type":"SearchAction","target":{"@type":"EntryPoint","urlTemplate":"https:\/\/www.sagen.ca\/fr\/?s={search_term_string}"},"query-input":{"@type":"PropertyValueSpecification","valueRequired":true,"valueName":"search_term_string"}}],"inLanguage":"fr-FR"},{"@type":"Organization","@id":"https:\/\/www.sagen.ca\/fr\/#organization","name":"Sagen\ud83c\udd6a","url":"https:\/\/www.sagen.ca\/fr\/","logo":{"@type":"ImageObject","inLanguage":"fr-FR","@id":"https:\/\/www.sagen.ca\/fr\/#\/schema\/logo\/image\/","url":"https:\/\/www.sagen.ca\/wp-content\/uploads\/2020\/09\/sagen-logo-TM_dark-bg-1.svg","contentUrl":"https:\/\/www.sagen.ca\/wp-content\/uploads\/2020\/09\/sagen-logo-TM_dark-bg-1.svg","caption":"Sagen\ud83c\udd6a"},"image":{"@id":"https:\/\/www.sagen.ca\/fr\/#\/schema\/logo\/image\/"}}]}},"_links":{"self":[{"href":"https:\/\/www.sagen.ca\/fr\/wp-json\/wp\/v2\/pages\/2253","targetHints":{"allow":["GET"]}}],"collection":[{"href":"https:\/\/www.sagen.ca\/fr\/wp-json\/wp\/v2\/pages"}],"about":[{"href":"https:\/\/www.sagen.ca\/fr\/wp-json\/wp\/v2\/types\/page"}],"author":[{"embeddable":true,"href":"https:\/\/www.sagen.ca\/fr\/wp-json\/wp\/v2\/users\/2"}],"replies":[{"embeddable":true,"href":"https:\/\/www.sagen.ca\/fr\/wp-json\/wp\/v2\/comments?post=2253"}],"version-history":[{"count":0,"href":"https:\/\/www.sagen.ca\/fr\/wp-json\/wp\/v2\/pages\/2253\/revisions"}],"wp:attachment":[{"href":"https:\/\/www.sagen.ca\/fr\/wp-json\/wp\/v2\/media?parent=2253"}],"curies":[{"name":"wp","href":"https:\/\/api.w.org\/{rel}","templated":true}]}}