{"id":2255,"date":"2020-05-13T18:33:18","date_gmt":"2020-05-13T18:33:18","guid":{"rendered":"https:\/\/sagen.wpengine.com\/a-propos-de\/relations-avec-les-investisseurs\/"},"modified":"2020-10-09T19:09:27","modified_gmt":"2020-10-09T19:09:27","slug":"relations-avec-les-investisseurs","status":"publish","type":"page","link":"https:\/\/www.sagen.ca\/fr\/a-propos-de\/relations-avec-les-investisseurs\/","title":{"rendered":"Relations avec les investisseurs"},"content":{"rendered":"\t\t<div data-elementor-type=\"wp-page\" data-elementor-id=\"2255\" class=\"elementor elementor-2255 elementor-414\" data-elementor-post-type=\"page\">\n\t\t\t\t\t\t<section class=\"elementor-section elementor-top-section elementor-element elementor-element-7776dcf7 elementor-section-content-middle elementor-hero-nimg supergraphic-partial elementor-section-height-min-height elementor-section-boxed elementor-section-height-default elementor-section-items-middle\" data-id=\"7776dcf7\" data-element_type=\"section\" data-e-type=\"section\" data-settings=\"{&quot;background_background&quot;:&quot;classic&quot;}\">\n\t\t\t\t\t\t<div class=\"elementor-container elementor-column-gap-default\">\n\t\t\t\t\t<div class=\"elementor-column elementor-col-100 elementor-top-column elementor-element elementor-element-638ee795\" data-id=\"638ee795\" data-element_type=\"column\" data-e-type=\"column\">\n\t\t\t<div class=\"elementor-widget-wrap elementor-element-populated\">\n\t\t\t\t\t\t<section class=\"elementor-section elementor-inner-section elementor-element elementor-element-9ce8a68 elementor-section-content-middle elementor-reduce-width elementor-section-boxed elementor-section-height-default elementor-section-height-default\" data-id=\"9ce8a68\" data-element_type=\"section\" data-e-type=\"section\">\n\t\t\t\t\t\t<div class=\"elementor-container elementor-column-gap-default\">\n\t\t\t\t\t<div class=\"elementor-column elementor-col-100 elementor-inner-column elementor-element elementor-element-6aee7b3b\" data-id=\"6aee7b3b\" data-element_type=\"column\" data-e-type=\"column\">\n\t\t\t<div class=\"elementor-widget-wrap elementor-element-populated\">\n\t\t\t\t\t\t<div class=\"elementor-element elementor-element-10f2fe5 elementor-widget elementor-widget-breadcrumb\" data-id=\"10f2fe5\" data-element_type=\"widget\" data-e-type=\"widget\" data-widget_type=\"breadcrumb.default\">\n\t\t\t\t<div class=\"elementor-widget-container\">\n\t\t\t\t\t <div class=\"breadcrumbs\">\n\t <div class=\"breadcrumb\"><a href=\"https:\/\/www.sagen.ca\/fr\/\">Accueil<\/a>&nbsp;&nbsp;<\/div><!-- .breadcrumbs --><\/div>\n\n\t\t\t\t<\/div>\n\t\t\t\t<\/div>\n\t\t\t\t<div class=\"elementor-element elementor-element-248df3cc elementor-widget elementor-widget-text-editor\" data-id=\"248df3cc\" data-element_type=\"widget\" data-e-type=\"widget\" data-widget_type=\"text-editor.default\">\n\t\t\t\t<div class=\"elementor-widget-container\">\n\t\t\t\t\t\t\t\t\t<h1 class=\"white-text\">Relations avec les investisseurs<\/h1>\n\t\t\t\t\t\t\t\t<\/div>\n\t\t\t\t<\/div>\n\t\t\t\t\t<\/div>\n\t\t<\/div>\n\t\t\t\t\t<\/div>\n\t\t<\/section>\n\t\t\t\t\t<\/div>\n\t\t<\/div>\n\t\t\t\t\t<\/div>\n\t\t<\/section>\n\t\t\t\t<section class=\"elementor-section elementor-top-section elementor-element elementor-element-a4360df elementor-block elementor-section-boxed elementor-section-height-default elementor-section-height-default\" data-id=\"a4360df\" data-element_type=\"section\" data-e-type=\"section\">\n\t\t\t\t\t\t<div class=\"elementor-container elementor-column-gap-default\">\n\t\t\t\t\t<div class=\"elementor-column elementor-col-100 elementor-top-column elementor-element elementor-element-492769c\" data-id=\"492769c\" data-element_type=\"column\" data-e-type=\"column\">\n\t\t\t<div class=\"elementor-widget-wrap elementor-element-populated\">\n\t\t\t\t\t\t<section class=\"elementor-section elementor-inner-section elementor-element elementor-element-147891f elementor-section-content-middle elementor-reduce-width elementor-section-boxed elementor-section-height-default elementor-section-height-default\" data-id=\"147891f\" data-element_type=\"section\" data-e-type=\"section\">\n\t\t\t\t\t\t<div class=\"elementor-container elementor-column-gap-default\">\n\t\t\t\t\t<div class=\"elementor-column elementor-col-50 elementor-inner-column elementor-element elementor-element-1e14dc0\" data-id=\"1e14dc0\" data-element_type=\"column\" data-e-type=\"column\">\n\t\t\t<div class=\"elementor-widget-wrap elementor-element-populated\">\n\t\t\t\t\t\t<div class=\"elementor-element elementor-element-f180ccc elementor-widget elementor-widget-image\" data-id=\"f180ccc\" data-element_type=\"widget\" data-e-type=\"widget\" data-widget_type=\"image.default\">\n\t\t\t\t<div class=\"elementor-widget-container\">\n\t\t\t\t\t\t\t\t\t\t\t\t\t\t\t<img fetchpriority=\"high\" decoding=\"async\" width=\"250\" height=\"300\" src=\"https:\/\/www.sagen.ca\/wp-content\/uploads\/2020\/07\/PressRelease-sample.jpg\" class=\"attachment-full size-full wp-image-1320\" alt=\"Vignette de la marque Sagen\ud83c\udd6a avec logo\" srcset=\"https:\/\/www.sagen.ca\/wp-content\/uploads\/2020\/07\/PressRelease-sample.jpg 250w, https:\/\/www.sagen.ca\/wp-content\/uploads\/2020\/07\/PressRelease-sample-50x60.jpg 50w\" sizes=\"(max-width: 250px) 100vw, 250px\" \/>\t\t\t\t\t\t\t\t\t\t\t\t\t\t\t<\/div>\n\t\t\t\t<\/div>\n\t\t\t\t\t<\/div>\n\t\t<\/div>\n\t\t\t\t<div class=\"elementor-column elementor-col-50 elementor-inner-column elementor-element elementor-element-20bb241\" data-id=\"20bb241\" data-element_type=\"column\" data-e-type=\"column\">\n\t\t\t<div class=\"elementor-widget-wrap elementor-element-populated\">\n\t\t\t\t\t\t<div class=\"elementor-element elementor-element-0767ba7 elementor-widget elementor-widget-text-editor\" data-id=\"0767ba7\" data-element_type=\"widget\" data-e-type=\"widget\" data-widget_type=\"text-editor.default\">\n\t\t\t\t<div class=\"elementor-widget-container\">\n\t\t\t\t\t\t\t\t\t<p>Consultez les rapports annuels, les communiqu\u00e9s de presse et bien plus.<\/p>\n\t\t\t\t\t\t\t\t<\/div>\n\t\t\t\t<\/div>\n\t\t\t\t<div class=\"elementor-element elementor-element-d711979 add-arrow elementor-widget__width-auto elementor-widget-mobile__width-auto elementor-widget elementor-widget-text-editor\" data-id=\"d711979\" data-element_type=\"widget\" data-e-type=\"widget\" data-widget_type=\"text-editor.default\">\n\t\t\t\t<div class=\"elementor-widget-container\">\n\t\t\t\t\t\t\t\t\t<p style=\"margin-bottom: 0\"><a class=\"bolder lg-font\" href=\"https:\/\/investisseur.sagen.ca\/French\/accueil\/default.aspx\" target=\"_blank\" rel=\"noopener\">En savoir plus<\/a><\/p>\t\t\t\t\t\t\t\t<\/div>\n\t\t\t\t<\/div>\n\t\t\t\t\t<\/div>\n\t\t<\/div>\n\t\t\t\t\t<\/div>\n\t\t<\/section>\n\t\t\t\t\t<\/div>\n\t\t<\/div>\n\t\t\t\t\t<\/div>\n\t\t<\/section>\n\t\t\t\t<section class=\"elementor-section elementor-top-section elementor-element elementor-element-0282883 elementor-section-boxed elementor-section-height-default elementor-section-height-default\" data-id=\"0282883\" data-element_type=\"section\" data-e-type=\"section\" data-settings=\"{&quot;background_background&quot;:&quot;classic&quot;}\">\n\t\t\t\t\t\t<div class=\"elementor-container elementor-column-gap-default\">\n\t\t\t\t\t<div class=\"elementor-column elementor-col-100 elementor-top-column elementor-element elementor-element-faed2f7\" data-id=\"faed2f7\" data-element_type=\"column\" data-e-type=\"column\">\n\t\t\t<div class=\"elementor-widget-wrap elementor-element-populated\">\n\t\t\t\t\t\t<section class=\"elementor-section elementor-inner-section elementor-element elementor-element-a1d980b elementor-section-boxed elementor-section-height-default elementor-section-height-default\" data-id=\"a1d980b\" data-element_type=\"section\" data-e-type=\"section\" data-settings=\"{&quot;background_background&quot;:&quot;classic&quot;}\">\n\t\t\t\t\t\t<div class=\"elementor-container elementor-column-gap-default\">\n\t\t\t\t\t<div class=\"elementor-column elementor-col-50 elementor-inner-column elementor-element elementor-element-69a8ba6\" data-id=\"69a8ba6\" data-element_type=\"column\" data-e-type=\"column\">\n\t\t\t<div class=\"elementor-widget-wrap elementor-element-populated\">\n\t\t\t\t\t\t<div class=\"elementor-element elementor-element-3922f7e elementor-widget elementor-widget-text-editor\" data-id=\"3922f7e\" data-element_type=\"widget\" data-e-type=\"widget\" data-widget_type=\"text-editor.default\">\n\t\t\t\t<div class=\"elementor-widget-container\">\n\t\t\t\t\t\t\t\t\t<h2 class=\"elementor-circle-light-sm\">Sagen<sup>MC<\/sup> dans les nouvelles<\/h2>\n<p class=\"lg-font\">Consulter tous les communiqu\u00e9s de presse et les mises \u00e0 jour importantes r\u00e9unis \u00e0 un seul endroit<\/p>\n\t\t\t\t\t\t\t\t<\/div>\n\t\t\t\t<\/div>\n\t\t\t\t<div class=\"elementor-element elementor-element-5e7932a elementor-widget elementor-widget-button\" data-id=\"5e7932a\" data-element_type=\"widget\" data-e-type=\"widget\" data-widget_type=\"button.default\">\n\t\t\t\t<div class=\"elementor-widget-container\">\n\t\t\t\t\t\t\t\t\t<div class=\"elementor-button-wrapper\">\n\t\t\t\t\t<a class=\"elementor-button elementor-button-link elementor-size-sm\" href=\"https:\/\/investisseur.sagen.ca\/French\/accueil\/default.aspx\" target=\"_blank\">\n\t\t\t\t\t\t<span class=\"elementor-button-content-wrapper\">\n\t\t\t\t\t\t\t\t\t<span class=\"elementor-button-text\">Voir tout<\/span>\n\t\t\t\t\t<\/span>\n\t\t\t\t\t<\/a>\n\t\t\t\t<\/div>\n\t\t\t\t\t\t\t\t<\/div>\n\t\t\t\t<\/div>\n\t\t\t\t\t<\/div>\n\t\t<\/div>\n\t\t\t\t<div class=\"elementor-column elementor-col-50 elementor-inner-column elementor-element elementor-element-7174577\" data-id=\"7174577\" data-element_type=\"column\" data-e-type=\"column\">\n\t\t\t<div class=\"elementor-widget-wrap\">\n\t\t\t\t\t\t\t<\/div>\n\t\t<\/div>\n\t\t\t\t\t<\/div>\n\t\t<\/section>\n\t\t\t\t\t<\/div>\n\t\t<\/div>\n\t\t\t\t\t<\/div>\n\t\t<\/section>\n\t\t\t\t<\/div>\n\t\t","protected":false},"excerpt":{"rendered":"<p>Home&nbsp;&nbsp; Relations avec les investisseurs Consultez les rapports annuels, les communiqu\u00e9s de presse et bien plus. En savoir plus Sagen dans les nouvelles Consulter tous les communiqu\u00e9s de presse et les mises \u00e0 jour importantes r\u00e9unis \u00e0 un seul endroit Voir tout<\/p>\n","protected":false},"author":2,"featured_media":0,"parent":618,"menu_order":0,"comment_status":"closed","ping_status":"closed","template":"template-elementor-no-above-footer.php","meta":{"_acf_changed":false,"footnotes":""},"class_list":["post-2255","page","type-page","status-publish","hentry"],"acf":[],"yoast_head":"<!-- This site is optimized with the Yoast SEO plugin v27.2 - https:\/\/yoast.com\/product\/yoast-seo-wordpress\/ -->\n<title>Relations avec les investisseurs - Sagen\ud83c\udd6a<\/title>\n<meta name=\"robots\" content=\"index, follow, max-snippet:-1, max-image-preview:large, max-video-preview:-1\" \/>\n<link rel=\"canonical\" href=\"https:\/\/www.sagen.ca\/fr\/a-propos-de\/relations-avec-les-investisseurs\/\" \/>\n<meta property=\"og:locale\" content=\"fr_FR\" \/>\n<meta property=\"og:type\" content=\"article\" \/>\n<meta property=\"og:title\" content=\"Relations avec les investisseurs - Sagen\ud83c\udd6a\" \/>\n<meta property=\"og:description\" content=\"Home&nbsp;&nbsp; Relations avec les investisseurs Consultez les rapports annuels, les communiqu\u00e9s de presse et bien plus. En savoir plus Sagen dans les nouvelles Consulter tous les communiqu\u00e9s de presse et les mises \u00e0 jour importantes r\u00e9unis \u00e0 un seul endroit Voir tout\" \/>\n<meta property=\"og:url\" content=\"https:\/\/www.sagen.ca\/fr\/a-propos-de\/relations-avec-les-investisseurs\/\" \/>\n<meta property=\"og:site_name\" content=\"Sagen\ud83c\udd6a\" \/>\n<meta property=\"article:modified_time\" content=\"2020-10-09T19:09:27+00:00\" \/>\n<meta property=\"og:image\" content=\"https:\/\/www.sagen.ca\/wp-content\/uploads\/2020\/07\/PressRelease-sample.jpg\" \/>\n<meta name=\"twitter:card\" content=\"summary_large_image\" \/>\n<!-- \/ Yoast SEO plugin. -->","yoast_head_json":{"title":"Relations avec les investisseurs - Sagen\ud83c\udd6a","robots":{"index":"index","follow":"follow","max-snippet":"max-snippet:-1","max-image-preview":"max-image-preview:large","max-video-preview":"max-video-preview:-1"},"canonical":"https:\/\/www.sagen.ca\/fr\/a-propos-de\/relations-avec-les-investisseurs\/","og_locale":"fr_FR","og_type":"article","og_title":"Relations avec les investisseurs - Sagen\ud83c\udd6a","og_description":"Home&nbsp;&nbsp; Relations avec les investisseurs Consultez les rapports annuels, les communiqu\u00e9s de presse et bien plus. En savoir plus Sagen dans les nouvelles Consulter tous les communiqu\u00e9s de presse et les mises \u00e0 jour importantes r\u00e9unis \u00e0 un seul endroit Voir tout","og_url":"https:\/\/www.sagen.ca\/fr\/a-propos-de\/relations-avec-les-investisseurs\/","og_site_name":"Sagen\ud83c\udd6a","article_modified_time":"2020-10-09T19:09:27+00:00","og_image":[{"url":"https:\/\/www.sagen.ca\/wp-content\/uploads\/2020\/07\/PressRelease-sample.jpg","type":"","width":"","height":""}],"twitter_card":"summary_large_image","schema":{"@context":"https:\/\/schema.org","@graph":[{"@type":"WebPage","@id":"https:\/\/www.sagen.ca\/fr\/a-propos-de\/relations-avec-les-investisseurs\/","url":"https:\/\/www.sagen.ca\/fr\/a-propos-de\/relations-avec-les-investisseurs\/","name":"Relations avec les investisseurs - Sagen\ud83c\udd6a","isPartOf":{"@id":"https:\/\/www.sagen.ca\/fr\/#website"},"primaryImageOfPage":{"@id":"https:\/\/www.sagen.ca\/fr\/a-propos-de\/relations-avec-les-investisseurs\/#primaryimage"},"image":{"@id":"https:\/\/www.sagen.ca\/fr\/a-propos-de\/relations-avec-les-investisseurs\/#primaryimage"},"thumbnailUrl":"https:\/\/www.sagen.ca\/wp-content\/uploads\/2020\/07\/PressRelease-sample.jpg","datePublished":"2020-05-13T18:33:18+00:00","dateModified":"2020-10-09T19:09:27+00:00","breadcrumb":{"@id":"https:\/\/www.sagen.ca\/fr\/a-propos-de\/relations-avec-les-investisseurs\/#breadcrumb"},"inLanguage":"fr-FR","potentialAction":[{"@type":"ReadAction","target":["https:\/\/www.sagen.ca\/fr\/a-propos-de\/relations-avec-les-investisseurs\/"]}]},{"@type":"ImageObject","inLanguage":"fr-FR","@id":"https:\/\/www.sagen.ca\/fr\/a-propos-de\/relations-avec-les-investisseurs\/#primaryimage","url":"https:\/\/www.sagen.ca\/wp-content\/uploads\/2020\/07\/PressRelease-sample.jpg","contentUrl":"https:\/\/www.sagen.ca\/wp-content\/uploads\/2020\/07\/PressRelease-sample.jpg"},{"@type":"BreadcrumbList","@id":"https:\/\/www.sagen.ca\/fr\/a-propos-de\/relations-avec-les-investisseurs\/#breadcrumb","itemListElement":[{"@type":"ListItem","position":1,"name":"Home","item":"https:\/\/www.sagen.ca\/fr\/"},{"@type":"ListItem","position":2,"name":"\u00c0 propos de Sagen","item":"https:\/\/www.sagen.ca\/fr\/a-propos-de\/"},{"@type":"ListItem","position":3,"name":"Relations avec les investisseurs"}]},{"@type":"WebSite","@id":"https:\/\/www.sagen.ca\/fr\/#website","url":"https:\/\/www.sagen.ca\/fr\/","name":"Sagen\ud83c\udd6a","description":"Sagen\ud83c\udd6a Canada","publisher":{"@id":"https:\/\/www.sagen.ca\/fr\/#organization"},"potentialAction":[{"@type":"SearchAction","target":{"@type":"EntryPoint","urlTemplate":"https:\/\/www.sagen.ca\/fr\/?s={search_term_string}"},"query-input":{"@type":"PropertyValueSpecification","valueRequired":true,"valueName":"search_term_string"}}],"inLanguage":"fr-FR"},{"@type":"Organization","@id":"https:\/\/www.sagen.ca\/fr\/#organization","name":"Sagen\ud83c\udd6a","url":"https:\/\/www.sagen.ca\/fr\/","logo":{"@type":"ImageObject","inLanguage":"fr-FR","@id":"https:\/\/www.sagen.ca\/fr\/#\/schema\/logo\/image\/","url":"https:\/\/www.sagen.ca\/wp-content\/uploads\/2020\/09\/sagen-logo-TM_dark-bg-1.svg","contentUrl":"https:\/\/www.sagen.ca\/wp-content\/uploads\/2020\/09\/sagen-logo-TM_dark-bg-1.svg","caption":"Sagen\ud83c\udd6a"},"image":{"@id":"https:\/\/www.sagen.ca\/fr\/#\/schema\/logo\/image\/"}}]}},"_links":{"self":[{"href":"https:\/\/www.sagen.ca\/fr\/wp-json\/wp\/v2\/pages\/2255","targetHints":{"allow":["GET"]}}],"collection":[{"href":"https:\/\/www.sagen.ca\/fr\/wp-json\/wp\/v2\/pages"}],"about":[{"href":"https:\/\/www.sagen.ca\/fr\/wp-json\/wp\/v2\/types\/page"}],"author":[{"embeddable":true,"href":"https:\/\/www.sagen.ca\/fr\/wp-json\/wp\/v2\/users\/2"}],"replies":[{"embeddable":true,"href":"https:\/\/www.sagen.ca\/fr\/wp-json\/wp\/v2\/comments?post=2255"}],"version-history":[{"count":0,"href":"https:\/\/www.sagen.ca\/fr\/wp-json\/wp\/v2\/pages\/2255\/revisions"}],"up":[{"embeddable":true,"href":"https:\/\/www.sagen.ca\/fr\/wp-json\/wp\/v2\/pages\/618"}],"wp:attachment":[{"href":"https:\/\/www.sagen.ca\/fr\/wp-json\/wp\/v2\/media?parent=2255"}],"curies":[{"name":"wp","href":"https:\/\/api.w.org\/{rel}","templated":true}]}}