{"id":23666,"date":"2024-03-12T15:52:16","date_gmt":"2024-03-12T15:52:16","guid":{"rendered":"https:\/\/www.sagen.ca\/?page_id=23666"},"modified":"2024-05-08T17:43:31","modified_gmt":"2024-05-08T17:43:31","slug":"tournoi-de-golf-caritatif-2024","status":"publish","type":"page","link":"https:\/\/www.sagen.ca\/fr\/tournoi-de-golf-caritatif-2024\/","title":{"rendered":"Tournoi de golf caritatif 2024"},"content":{"rendered":"<p>Joignez-vous \u00e0 nous pour notre tournoi de golf caritatif annuel afin de soutenir 15 Manoirs Ronald McDonald \u00e0 travers le Canada. Ensemble, nous aidons les familles \u00e0 rester pr\u00e8s de leurs enfants dans les moments les plus difficiles.<\/p>\n","protected":false},"excerpt":{"rendered":"<p>Joignez-vous \u00e0 nous pour notre tournoi de golf caritatif annuel afin de soutenir 15 Manoirs Ronald McDonald \u00e0 travers le Canada. Ensemble, nous aidons les familles \u00e0 rester pr\u00e8s de leurs enfants dans les moments les plus difficiles.<\/p>\n","protected":false},"author":30,"featured_media":16197,"parent":0,"menu_order":0,"comment_status":"closed","ping_status":"closed","template":"template-event-registration.php","meta":{"_acf_changed":false,"footnotes":""},"class_list":["post-23666","page","type-page","status-publish","has-post-thumbnail","hentry"],"acf":[],"yoast_head":"<!-- This site is optimized with the Yoast SEO plugin v27.4 - https:\/\/yoast.com\/product\/yoast-seo-wordpress\/ -->\n<title>Tournoi de golf caritatif 2024 - Sagen\ud83c\udd6a<\/title>\n<meta name=\"robots\" content=\"index, follow, max-snippet:-1, max-image-preview:large, max-video-preview:-1\" \/>\n<link rel=\"canonical\" href=\"https:\/\/www.sagen.ca\/fr\/tournoi-de-golf-caritatif-2024\/\" \/>\n<meta property=\"og:locale\" content=\"fr_FR\" \/>\n<meta property=\"og:type\" content=\"article\" \/>\n<meta property=\"og:title\" content=\"Tournoi de golf caritatif 2024 - Sagen\ud83c\udd6a\" \/>\n<meta property=\"og:description\" content=\"Joignez-vous \u00e0 nous pour notre tournoi de golf caritatif annuel afin de soutenir 15 Manoirs Ronald McDonald \u00e0 travers le Canada. Ensemble, nous aidons les familles \u00e0 rester pr\u00e8s de leurs enfants dans les moments les plus difficiles.\" \/>\n<meta property=\"og:url\" content=\"https:\/\/www.sagen.ca\/fr\/tournoi-de-golf-caritatif-2024\/\" \/>\n<meta property=\"og:site_name\" content=\"Sagen\ud83c\udd6a\" \/>\n<meta property=\"article:modified_time\" content=\"2024-05-08T17:43:31+00:00\" \/>\n<meta property=\"og:image\" content=\"https:\/\/www.sagen.ca\/wp-content\/uploads\/2023\/06\/a95a060d359597d1c0789d8136565989.png\" \/>\n\t<meta property=\"og:image:width\" content=\"1470\" \/>\n\t<meta property=\"og:image:height\" content=\"980\" \/>\n\t<meta property=\"og:image:type\" content=\"image\/png\" \/>\n<meta name=\"twitter:card\" content=\"summary_large_image\" \/>\n<meta name=\"twitter:label1\" content=\"Dur\u00e9e de lecture estim\u00e9e\" \/>\n\t<meta name=\"twitter:data1\" content=\"1 minute\" \/>\n<!-- \/ Yoast SEO plugin. -->","yoast_head_json":{"title":"Tournoi de golf caritatif 2024 - Sagen\ud83c\udd6a","robots":{"index":"index","follow":"follow","max-snippet":"max-snippet:-1","max-image-preview":"max-image-preview:large","max-video-preview":"max-video-preview:-1"},"canonical":"https:\/\/www.sagen.ca\/fr\/tournoi-de-golf-caritatif-2024\/","og_locale":"fr_FR","og_type":"article","og_title":"Tournoi de golf caritatif 2024 - Sagen\ud83c\udd6a","og_description":"Joignez-vous \u00e0 nous pour notre tournoi de golf caritatif annuel afin de soutenir 15 Manoirs Ronald McDonald \u00e0 travers le Canada. Ensemble, nous aidons les familles \u00e0 rester pr\u00e8s de leurs enfants dans les moments les plus difficiles.","og_url":"https:\/\/www.sagen.ca\/fr\/tournoi-de-golf-caritatif-2024\/","og_site_name":"Sagen\ud83c\udd6a","article_modified_time":"2024-05-08T17:43:31+00:00","og_image":[{"width":1470,"height":980,"url":"https:\/\/www.sagen.ca\/wp-content\/uploads\/2023\/06\/a95a060d359597d1c0789d8136565989.png","type":"image\/png"}],"twitter_card":"summary_large_image","twitter_misc":{"Dur\u00e9e de lecture estim\u00e9e":"1 minute"},"schema":{"@context":"https:\/\/schema.org","@graph":[{"@type":"WebPage","@id":"https:\/\/www.sagen.ca\/fr\/tournoi-de-golf-caritatif-2024\/","url":"https:\/\/www.sagen.ca\/fr\/tournoi-de-golf-caritatif-2024\/","name":"Tournoi de golf caritatif 2024 - Sagen\ud83c\udd6a","isPartOf":{"@id":"https:\/\/www.sagen.ca\/fr\/#website"},"primaryImageOfPage":{"@id":"https:\/\/www.sagen.ca\/fr\/tournoi-de-golf-caritatif-2024\/#primaryimage"},"image":{"@id":"https:\/\/www.sagen.ca\/fr\/tournoi-de-golf-caritatif-2024\/#primaryimage"},"thumbnailUrl":"https:\/\/www.sagen.ca\/wp-content\/uploads\/2023\/06\/a95a060d359597d1c0789d8136565989.png","datePublished":"2024-03-12T15:52:16+00:00","dateModified":"2024-05-08T17:43:31+00:00","breadcrumb":{"@id":"https:\/\/www.sagen.ca\/fr\/tournoi-de-golf-caritatif-2024\/#breadcrumb"},"inLanguage":"fr-FR","potentialAction":[{"@type":"ReadAction","target":["https:\/\/www.sagen.ca\/fr\/tournoi-de-golf-caritatif-2024\/"]}]},{"@type":"ImageObject","inLanguage":"fr-FR","@id":"https:\/\/www.sagen.ca\/fr\/tournoi-de-golf-caritatif-2024\/#primaryimage","url":"https:\/\/www.sagen.ca\/wp-content\/uploads\/2023\/06\/a95a060d359597d1c0789d8136565989.png","contentUrl":"https:\/\/www.sagen.ca\/wp-content\/uploads\/2023\/06\/a95a060d359597d1c0789d8136565989.png","width":1470,"height":980},{"@type":"BreadcrumbList","@id":"https:\/\/www.sagen.ca\/fr\/tournoi-de-golf-caritatif-2024\/#breadcrumb","itemListElement":[{"@type":"ListItem","position":1,"name":"Home","item":"https:\/\/www.sagen.ca\/fr\/"},{"@type":"ListItem","position":2,"name":"Tournoi de golf caritatif 2024"}]},{"@type":"WebSite","@id":"https:\/\/www.sagen.ca\/fr\/#website","url":"https:\/\/www.sagen.ca\/fr\/","name":"Sagen\ud83c\udd6a","description":"Sagen\ud83c\udd6a Canada","publisher":{"@id":"https:\/\/www.sagen.ca\/fr\/#organization"},"potentialAction":[{"@type":"SearchAction","target":{"@type":"EntryPoint","urlTemplate":"https:\/\/www.sagen.ca\/fr\/?s={search_term_string}"},"query-input":{"@type":"PropertyValueSpecification","valueRequired":true,"valueName":"search_term_string"}}],"inLanguage":"fr-FR"},{"@type":"Organization","@id":"https:\/\/www.sagen.ca\/fr\/#organization","name":"Sagen\ud83c\udd6a","url":"https:\/\/www.sagen.ca\/fr\/","logo":{"@type":"ImageObject","inLanguage":"fr-FR","@id":"https:\/\/www.sagen.ca\/fr\/#\/schema\/logo\/image\/","url":"https:\/\/www.sagen.ca\/wp-content\/uploads\/2020\/09\/sagen-logo-TM_dark-bg-1.svg","contentUrl":"https:\/\/www.sagen.ca\/wp-content\/uploads\/2020\/09\/sagen-logo-TM_dark-bg-1.svg","caption":"Sagen\ud83c\udd6a"},"image":{"@id":"https:\/\/www.sagen.ca\/fr\/#\/schema\/logo\/image\/"}}]}},"_links":{"self":[{"href":"https:\/\/www.sagen.ca\/fr\/wp-json\/wp\/v2\/pages\/23666","targetHints":{"allow":["GET"]}}],"collection":[{"href":"https:\/\/www.sagen.ca\/fr\/wp-json\/wp\/v2\/pages"}],"about":[{"href":"https:\/\/www.sagen.ca\/fr\/wp-json\/wp\/v2\/types\/page"}],"author":[{"embeddable":true,"href":"https:\/\/www.sagen.ca\/fr\/wp-json\/wp\/v2\/users\/30"}],"replies":[{"embeddable":true,"href":"https:\/\/www.sagen.ca\/fr\/wp-json\/wp\/v2\/comments?post=23666"}],"version-history":[{"count":0,"href":"https:\/\/www.sagen.ca\/fr\/wp-json\/wp\/v2\/pages\/23666\/revisions"}],"wp:featuredmedia":[{"embeddable":true,"href":"https:\/\/www.sagen.ca\/fr\/wp-json\/wp\/v2\/media\/16197"}],"wp:attachment":[{"href":"https:\/\/www.sagen.ca\/fr\/wp-json\/wp\/v2\/media?parent=23666"}],"curies":[{"name":"wp","href":"https:\/\/api.w.org\/{rel}","templated":true}]}}