{"id":31455,"date":"2024-11-19T14:28:12","date_gmt":"2024-11-19T14:28:12","guid":{"rendered":"https:\/\/www.sagen.ca\/inscrivez-moi\/"},"modified":"2025-03-26T14:22:31","modified_gmt":"2025-03-26T14:22:31","slug":"inscrivez-moi","status":"publish","type":"page","link":"https:\/\/www.sagen.ca\/fr\/inscrivez-moi\/","title":{"rendered":"Inscrivez-moi !"},"content":{"rendered":"\t\t<div data-elementor-type=\"wp-page\" data-elementor-id=\"31455\" class=\"elementor elementor-31455 elementor-30234\" data-elementor-post-type=\"page\">\n\t\t\t\t\t\t<section class=\"elementor-section elementor-top-section elementor-element elementor-element-c4de393 elementor-section-content-middle elementor-hero-nimg supergraphic-partial elementor-section-height-min-height elementor-section-boxed elementor-section-height-default elementor-section-items-middle\" data-id=\"c4de393\" data-element_type=\"section\" data-e-type=\"section\" data-settings=\"{&quot;background_background&quot;:&quot;classic&quot;}\">\n\t\t\t\t\t\t<div class=\"elementor-container elementor-column-gap-default\">\n\t\t\t\t\t<div class=\"elementor-column elementor-col-100 elementor-top-column elementor-element elementor-element-c1cf6af\" data-id=\"c1cf6af\" data-element_type=\"column\" data-e-type=\"column\">\n\t\t\t<div class=\"elementor-widget-wrap elementor-element-populated\">\n\t\t\t\t\t\t<section class=\"elementor-section elementor-inner-section elementor-element elementor-element-6284eec elementor-section-content-middle elementor-reduce-width elementor-section-boxed elementor-section-height-default elementor-section-height-default\" data-id=\"6284eec\" data-element_type=\"section\" data-e-type=\"section\">\n\t\t\t\t\t\t<div class=\"elementor-container elementor-column-gap-default\">\n\t\t\t\t\t<div class=\"elementor-column elementor-col-100 elementor-inner-column elementor-element elementor-element-def7d2f\" data-id=\"def7d2f\" data-element_type=\"column\" data-e-type=\"column\">\n\t\t\t<div class=\"elementor-widget-wrap elementor-element-populated\">\n\t\t\t\t\t\t<div class=\"elementor-element elementor-element-a3c2ee3 elementor-widget elementor-widget-text-editor\" data-id=\"a3c2ee3\" data-element_type=\"widget\" data-e-type=\"widget\" data-widget_type=\"text-editor.default\">\n\t\t\t\t<div class=\"elementor-widget-container\">\n\t\t\t\t\t\t\t\t\t<h1 class=\"white-text\">Inscrivez-moi ! <\/h1>\t\t\t\t\t\t\t\t<\/div>\n\t\t\t\t<\/div>\n\t\t\t\t\t<\/div>\n\t\t<\/div>\n\t\t\t\t\t<\/div>\n\t\t<\/section>\n\t\t\t\t\t<\/div>\n\t\t<\/div>\n\t\t\t\t\t<\/div>\n\t\t<\/section>\n\t\t\t\t<section class=\"elementor-section elementor-top-section elementor-element elementor-element-472eb95 elementor-section-boxed elementor-section-height-default elementor-section-height-default\" data-id=\"472eb95\" data-element_type=\"section\" data-e-type=\"section\">\n\t\t\t\t\t\t<div class=\"elementor-container elementor-column-gap-default\">\n\t\t\t\t\t<div class=\"elementor-column elementor-col-16 elementor-top-column elementor-element elementor-element-408ee84\" data-id=\"408ee84\" data-element_type=\"column\" data-e-type=\"column\">\n\t\t\t<div class=\"elementor-widget-wrap\">\n\t\t\t\t\t\t\t<\/div>\n\t\t<\/div>\n\t\t\t\t<div class=\"elementor-column elementor-col-66 elementor-top-column elementor-element elementor-element-44c50f6\" data-id=\"44c50f6\" data-element_type=\"column\" data-e-type=\"column\">\n\t\t\t<div class=\"elementor-widget-wrap elementor-element-populated\">\n\t\t\t\t\t\t<div class=\"elementor-element elementor-element-2e5dcac elementor-widget elementor-widget-text-editor\" data-id=\"2e5dcac\" data-element_type=\"widget\" data-e-type=\"widget\" data-widget_type=\"text-editor.default\">\n\t\t\t\t<div class=\"elementor-widget-container\">\n\t\t\t\t\t\t\t\t\tSi vous acceptez de recevoir un petit t\u00e9moignage de remerciement, veuillez remplir le formulaire ci-dessous. \t\t\t\t\t\t\t\t<\/div>\n\t\t\t\t<\/div>\n\t\t\t\t\t<\/div>\n\t\t<\/div>\n\t\t\t\t<div class=\"elementor-column elementor-col-16 elementor-top-column elementor-element elementor-element-29033db\" data-id=\"29033db\" data-element_type=\"column\" data-e-type=\"column\">\n\t\t\t<div class=\"elementor-widget-wrap\">\n\t\t\t\t\t\t\t<\/div>\n\t\t<\/div>\n\t\t\t\t\t<\/div>\n\t\t<\/section>\n\t\t\t\t<section class=\"elementor-section elementor-top-section elementor-element elementor-element-e71e760 elementor-section-boxed elementor-section-height-default elementor-section-height-default\" data-id=\"e71e760\" data-element_type=\"section\" data-e-type=\"section\">\n\t\t\t\t\t\t<div class=\"elementor-container elementor-column-gap-default\">\n\t\t\t\t\t<div class=\"elementor-column elementor-col-16 elementor-top-column elementor-element elementor-element-d5ec4e3\" data-id=\"d5ec4e3\" data-element_type=\"column\" data-e-type=\"column\">\n\t\t\t<div class=\"elementor-widget-wrap\">\n\t\t\t\t\t\t\t<\/div>\n\t\t<\/div>\n\t\t\t\t<div class=\"elementor-column elementor-col-66 elementor-top-column elementor-element elementor-element-8da0e8c\" data-id=\"8da0e8c\" data-element_type=\"column\" data-e-type=\"column\">\n\t\t\t<div class=\"elementor-widget-wrap elementor-element-populated\">\n\t\t\t\t\t\t<div class=\"elementor-element elementor-element-919a458 elementor-widget elementor-widget-wpforms\" data-id=\"919a458\" data-element_type=\"widget\" data-e-type=\"widget\" data-widget_type=\"wpforms.default\">\n\t\t\t\t<div class=\"elementor-widget-container\">\n\t\t\t\t\t<div class=\"wpforms-container wpforms-container-full wpforms-render-modern\" id=\"wpforms-31441\"><form id=\"wpforms-form-31441\" class=\"wpforms-validate wpforms-form wpforms-ajax-form\" data-formid=\"31441\" method=\"post\" enctype=\"multipart\/form-data\" action=\"\/fr\/wp-json\/wp\/v2\/pages\/31455\" data-token=\"347a3f767f7411173d8faecd7d10f357\" data-token-time=\"1778539089\"><noscript class=\"wpforms-error-noscript\">Please enable JavaScript in your browser to complete this form.<\/noscript><div id=\"wpforms-error-noscript\" style=\"display: none;\">Please enable JavaScript in your browser to complete this form.<\/div><div class=\"wpforms-field-container\"><div id=\"wpforms-31441-field_0-container\" class=\"wpforms-field wpforms-field-name\" data-field-id=\"0\"><label class=\"wpforms-field-label\" for=\"wpforms-31441-field_0\">Pr\u00e9nom <span class=\"wpforms-required-label\" aria-hidden=\"true\">*<\/span><\/label><input type=\"text\" id=\"wpforms-31441-field_0\" class=\"wpforms-field-large wpforms-field-required\" name=\"wpforms[fields][0]\" aria-errormessage=\"wpforms-31441-field_0-error\" required><\/div><div id=\"wpforms-31441-field_19-container\" class=\"wpforms-field wpforms-field-name\" data-field-id=\"19\"><label class=\"wpforms-field-label\" for=\"wpforms-31441-field_19\">Nom de famille <span class=\"wpforms-required-label\" aria-hidden=\"true\">*<\/span><\/label><input type=\"text\" id=\"wpforms-31441-field_19\" class=\"wpforms-field-large wpforms-field-required\" name=\"wpforms[fields][19]\" aria-errormessage=\"wpforms-31441-field_19-error\" required><\/div><div id=\"wpforms-31441-field_1-container\" class=\"wpforms-field wpforms-field-email\" data-field-id=\"1\"><label class=\"wpforms-field-label\" for=\"wpforms-31441-field_1\">Adresse \u00e9lectronique <span class=\"wpforms-required-label\" aria-hidden=\"true\">*<\/span><\/label><input type=\"email\" id=\"wpforms-31441-field_1\" class=\"wpforms-field-large wpforms-field-required\" name=\"wpforms[fields][1]\" spellcheck=\"false\" aria-errormessage=\"wpforms-31441-field_1-error\" required><\/div><div id=\"wpforms-31441-field_6-container\" class=\"wpforms-field wpforms-field-text\" data-field-id=\"6\"><label class=\"wpforms-field-label\" for=\"wpforms-31441-field_6\">Entreprise <span class=\"wpforms-required-label\" aria-hidden=\"true\">*<\/span><\/label><input type=\"text\" id=\"wpforms-31441-field_6\" class=\"wpforms-field-medium wpforms-field-required\" name=\"wpforms[fields][6]\" aria-errormessage=\"wpforms-31441-field_6-error\" required><\/div><div id=\"wpforms-31441-field_7-container\" class=\"wpforms-field wpforms-field-text\" data-field-id=\"7\"><label class=\"wpforms-field-label\" for=\"wpforms-31441-field_7\">Titre <span class=\"wpforms-required-label\" aria-hidden=\"true\">*<\/span><\/label><input type=\"text\" id=\"wpforms-31441-field_7\" class=\"wpforms-field-medium wpforms-field-required\" name=\"wpforms[fields][7]\" aria-errormessage=\"wpforms-31441-field_7-error\" required><\/div><div id=\"wpforms-31441-field_8-container\" class=\"wpforms-field wpforms-field-address\" data-field-id=\"8\"><fieldset><legend class=\"wpforms-field-label\">Adresse <span class=\"wpforms-required-label\" aria-hidden=\"true\">*<\/span><\/legend><div class=\"wpforms-field-row wpforms-field-medium\"><div ><input type=\"text\" id=\"wpforms-31441-field_8\" class=\"wpforms-field-address-address1 wpforms-field-required\" name=\"wpforms[fields][8][address1]\" placeholder=\"Adresse\" aria-errormessage=\"wpforms-31441-field_8-error\" required><label for=\"wpforms-31441-field_8\" class=\"wpforms-field-sublabel after wpforms-sublabel-hide\">Address<\/label><\/div><\/div><div class=\"wpforms-field-row wpforms-field-medium\"><div ><input type=\"text\" id=\"wpforms-31441-field_8-address2\" class=\"wpforms-field-address-address2\" name=\"wpforms[fields][8][address2]\" placeholder=\"Adresse\" aria-errormessage=\"wpforms-31441-field_8-address2-error\" ><\/div><\/div><div class=\"wpforms-field-row wpforms-field-medium\"><div class=\"wpforms-field-row-block wpforms-one-half wpforms-first\"><input type=\"text\" id=\"wpforms-31441-field_8-city\" class=\"wpforms-field-address-city wpforms-field-required\" name=\"wpforms[fields][8][city]\" placeholder=\"Ville\" aria-errormessage=\"wpforms-31441-field_8-city-error\" required><label for=\"wpforms-31441-field_8-city\" class=\"wpforms-field-sublabel after wpforms-sublabel-hide\">City\/town<\/label><\/div><div class=\"wpforms-field-row-block wpforms-one-half\"><select id=\"wpforms-31441-field_8-state\" class=\"wpforms-field-address-state wpforms-field-required\" name=\"wpforms[fields][8][state]\" aria-errormessage=\"wpforms-31441-field_8-state-error\" required><option class=\"placeholder\" value=\"\" selected disabled>--- Choisir la province ---<\/option><option value=\"BC\" >British Columbia<\/option><option value=\"ON\" >Ontario<\/option><option value=\"QC\" >Quebec<\/option><option value=\"AB\" >Alberta<\/option><option value=\"MB\" >Manitoba<\/option><option value=\"NB\" >New Brunswick<\/option><option value=\"NL\" >Newfoundland and Labrador<\/option><option value=\"NT\" >Northwest Territories<\/option><option value=\"NS\" >Nova Scotia<\/option><option value=\"NU\" >Nunavut<\/option><option value=\"PE\" >Prince Edward Island<\/option><option value=\"SK\" >Saskatchewan<\/option><option value=\"YT\" >Yukon<\/option><\/select><label for=\"wpforms-31441-field_8-state\" class=\"wpforms-field-sublabel after wpforms-sublabel-hide\">Province<\/label><\/div><\/div><div class=\"wpforms-field-row wpforms-field-medium\"><div class=\"wpforms-field-row-block wpforms-one-half wpforms-first\"><input type=\"text\" id=\"wpforms-31441-field_8-postal\" class=\"wpforms-field-address-postal wpforms-field-required\" name=\"wpforms[fields][8][postal]\" placeholder=\"Le code postal\" aria-errormessage=\"wpforms-31441-field_8-postal-error\" required><label for=\"wpforms-31441-field_8-postal\" class=\"wpforms-field-sublabel after wpforms-sublabel-hide\">Postal Code<\/label><\/div><\/div><\/fieldset><\/div>\t\t<div id=\"wpforms-31441-field_2-container\"\n\t\t\tclass=\"wpforms-field wpforms-field-text\"\n\t\t\tdata-field-type=\"text\"\n\t\t\tdata-field-id=\"2\"\n\t\t\t>\n\t\t\t<label class=\"wpforms-field-label\" for=\"wpforms-31441-field_2\" >Adresse  famille<\/label>\n\t\t\t<input type=\"text\" id=\"wpforms-31441-field_2\" class=\"wpforms-field-medium\" name=\"wpforms[fields][2]\" >\n\t\t<\/div>\n\t\t<div id=\"wpforms-31441-field_17-container\" class=\"wpforms-field wpforms-field-checkbox\" data-field-id=\"17\"><fieldset><legend class=\"wpforms-field-label\"> Attestation <span class=\"wpforms-required-label\" aria-hidden=\"true\">*<\/span><\/legend><ul id=\"wpforms-31441-field_17\" class=\"wpforms-field-required\"><li class=\"choice-1 depth-1\"><input type=\"checkbox\" id=\"wpforms-31441-field_17_1\" name=\"wpforms[fields][17][]\" value=\"Je reconnais et j&#039;accepte que Sagen recueille et utilise mes renseignements personnels dans le but de m&#039;envoyer un cadeau ou du mat\u00e9riel utile.\" aria-errormessage=\"wpforms-31441-field_17_1-error\" required ><label class=\"wpforms-field-label-inline\" for=\"wpforms-31441-field_17_1\">Je reconnais et j'accepte que Sagen recueille et utilise mes renseignements personnels dans le but de m'envoyer un cadeau ou du mat\u00e9riel utile.<\/label><\/li><\/ul><\/fieldset><\/div><script>\n\t\t\t\t( function() {\n\t\t\t\t\tconst style = document.createElement( 'style' );\n\t\t\t\t\tstyle.appendChild( document.createTextNode( '#wpforms-31441-field_2-container { position: absolute !important; overflow: hidden !important; display: inline !important; height: 1px !important; width: 1px !important; z-index: -1000 !important; padding: 0 !important; } #wpforms-31441-field_2-container input { visibility: hidden; } #wpforms-conversational-form-page #wpforms-31441-field_2-container label { counter-increment: none; }' ) );\n\t\t\t\t\tdocument.head.appendChild( style );\n\t\t\t\t\tdocument.currentScript?.remove();\n\t\t\t\t} )();\n\t\t\t<\/script><\/div><!-- .wpforms-field-container --><div class=\"wpforms-submit-container\" ><input type=\"hidden\" name=\"wpforms[id]\" value=\"31441\"><input type=\"hidden\" name=\"page_title\" value=\"\"><input type=\"hidden\" name=\"page_url\" value=\"https:\/\/www.sagen.ca\/fr\/wp-json\/wp\/v2\/pages\/31455\"><input type=\"hidden\" name=\"url_referer\" value=\"\"><button type=\"submit\" name=\"wpforms[submit]\" id=\"wpforms-submit-31441\" class=\"wpforms-submit\" data-alt-text=\"Sending...\" data-submit-text=\"Envoyer\" aria-live=\"assertive\" value=\"wpforms-submit\">Envoyer<\/button><img decoding=\"async\" data-src=\"https:\/\/www.sagen.ca\/wp-content\/plugins\/wpforms\/assets\/images\/submit-spin.svg\" class=\"wpforms-submit-spinner lazyload\" style=\"--smush-placeholder-width: 26px; --smush-placeholder-aspect-ratio: 26\/26;display: none;\" width=\"26\" height=\"26\" alt=\"Loading\" src=\"data:image\/svg+xml;base64,PHN2ZyB3aWR0aD0iMSIgaGVpZ2h0PSIxIiB4bWxucz0iaHR0cDovL3d3dy53My5vcmcvMjAwMC9zdmciPjwvc3ZnPg==\"><\/div><\/form><\/div>  <!-- .wpforms-container -->\t\t\t\t<\/div>\n\t\t\t\t<\/div>\n\t\t\t\t\t<\/div>\n\t\t<\/div>\n\t\t\t\t<div class=\"elementor-column elementor-col-16 elementor-top-column elementor-element elementor-element-2249f87\" data-id=\"2249f87\" data-element_type=\"column\" data-e-type=\"column\">\n\t\t\t<div class=\"elementor-widget-wrap\">\n\t\t\t\t\t\t\t<\/div>\n\t\t<\/div>\n\t\t\t\t\t<\/div>\n\t\t<\/section>\n\t\t\t\t<section class=\"elementor-section elementor-top-section elementor-element elementor-element-4ae28cb elementor-section-boxed elementor-section-height-default elementor-section-height-default\" data-id=\"4ae28cb\" data-element_type=\"section\" data-e-type=\"section\">\n\t\t\t\t\t\t<div class=\"elementor-container elementor-column-gap-default\">\n\t\t\t\t\t<div class=\"elementor-column elementor-col-16 elementor-top-column elementor-element elementor-element-cbd0b36\" data-id=\"cbd0b36\" data-element_type=\"column\" data-e-type=\"column\">\n\t\t\t<div class=\"elementor-widget-wrap\">\n\t\t\t\t\t\t\t<\/div>\n\t\t<\/div>\n\t\t\t\t<div class=\"elementor-column elementor-col-66 elementor-top-column elementor-element elementor-element-01941ae\" data-id=\"01941ae\" data-element_type=\"column\" data-e-type=\"column\">\n\t\t\t<div class=\"elementor-widget-wrap elementor-element-populated\">\n\t\t\t\t\t\t<div class=\"elementor-element elementor-element-36f72f3 elementor-widget elementor-widget-text-editor\" data-id=\"36f72f3\" data-element_type=\"widget\" data-e-type=\"widget\" data-widget_type=\"text-editor.default\">\n\t\t\t\t<div class=\"elementor-widget-container\">\n\t\t\t\t\t\t\t\t\t<p><span class=\"TextRun SCXW244666839 BCX8\" lang=\"FR-FR\" xml:lang=\"FR-FR\" data-contrast=\"auto\"><span class=\"NormalTextRun SCXW244666839 BCX8\">Soyez assur\u00e9(e) que nous prenons votre vie priv\u00e9e au s\u00e9rieux et que toute information que vous fournissez sera conserv\u00e9e en toute s\u00e9curit\u00e9. Vous pouvez \u00e9galement choisir de vous d\u00e9sinscrire \u00e0 tout moment en nous contactant \u00e0 l&#8217;adresse <\/span><\/span><a class=\"Hyperlink SCXW244666839 BCX8\" href=\"mailto:sagencommunications@sagen.ca\" target=\"_blank\" rel=\"noreferrer noopener\"><span class=\"TextRun Underlined SCXW244666839 BCX8\" lang=\"FR-FR\" xml:lang=\"FR-FR\" data-contrast=\"none\"><span class=\"NormalTextRun SCXW244666839 BCX8\" data-ccp-charstyle=\"Hyperlink\">sagencommunications@sagen.ca<\/span><\/span><\/a><span class=\"TextRun SCXW244666839 BCX8\" lang=\"FR-FR\" xml:lang=\"FR-FR\" data-contrast=\"auto\"><span class=\"NormalTextRun SCXW244666839 BCX8\">.<\/span><\/span><\/p>\t\t\t\t\t\t\t\t<\/div>\n\t\t\t\t<\/div>\n\t\t\t\t\t<\/div>\n\t\t<\/div>\n\t\t\t\t<div class=\"elementor-column elementor-col-16 elementor-top-column elementor-element elementor-element-7ab3fcc\" data-id=\"7ab3fcc\" data-element_type=\"column\" data-e-type=\"column\">\n\t\t\t<div class=\"elementor-widget-wrap\">\n\t\t\t\t\t\t\t<\/div>\n\t\t<\/div>\n\t\t\t\t\t<\/div>\n\t\t<\/section>\n\t\t\t\t<\/div>\n\t\t","protected":false},"excerpt":{"rendered":"<p>Inscrivez-moi ! Si vous acceptez de recevoir un petit t\u00e9moignage de remerciement, veuillez remplir le formulaire ci-dessous. Please enable JavaScript in your browser to complete this form.Please enable JavaScript in your browser to complete this form.Pr\u00e9nom *Nom de famille *Adresse \u00e9lectronique *Entreprise *Titre * Adresse * AddressCity\/town&#8212; Choisir la province &#8212;British ColumbiaOntarioQuebecAlbertaManitobaNew BrunswickNewfoundland and LabradorNorthwest<\/p>\n","protected":false},"author":3,"featured_media":0,"parent":0,"menu_order":0,"comment_status":"closed","ping_status":"closed","template":"template-elementor-no-above-footer.php","meta":{"_acf_changed":false,"footnotes":""},"class_list":["post-31455","page","type-page","status-publish","hentry"],"acf":[],"yoast_head":"<!-- This site is optimized with the Yoast SEO plugin v27.4 - https:\/\/yoast.com\/product\/yoast-seo-wordpress\/ -->\n<title>Inscrivez-moi ! - Sagen\ud83c\udd6a<\/title>\n<meta name=\"robots\" content=\"index, follow, max-snippet:-1, max-image-preview:large, max-video-preview:-1\" \/>\n<link rel=\"canonical\" href=\"https:\/\/www.sagen.ca\/fr\/inscrivez-moi\/\" \/>\n<meta property=\"og:locale\" content=\"fr_FR\" \/>\n<meta property=\"og:type\" content=\"article\" \/>\n<meta property=\"og:title\" content=\"Inscrivez-moi ! - Sagen\ud83c\udd6a\" \/>\n<meta property=\"og:description\" content=\"Inscrivez-moi ! Si vous acceptez de recevoir un petit t\u00e9moignage de remerciement, veuillez remplir le formulaire ci-dessous. Please enable JavaScript in your browser to complete this form.Please enable JavaScript in your browser to complete this form.Pr\u00e9nom *Nom de famille *Adresse \u00e9lectronique *Entreprise *Titre * Adresse * AddressCity\/town&#8212; Choisir la province &#8212;British ColumbiaOntarioQuebecAlbertaManitobaNew BrunswickNewfoundland and LabradorNorthwest\" \/>\n<meta property=\"og:url\" content=\"https:\/\/www.sagen.ca\/fr\/inscrivez-moi\/\" \/>\n<meta property=\"og:site_name\" content=\"Sagen\ud83c\udd6a\" \/>\n<meta property=\"article:modified_time\" content=\"2025-03-26T14:22:31+00:00\" \/>\n<meta property=\"og:image\" content=\"https:\/\/www.sagen.ca\/wp-content\/plugins\/wpforms\/assets\/images\/submit-spin.svg\" \/>\n<meta name=\"twitter:card\" content=\"summary_large_image\" \/>\n<meta name=\"twitter:label1\" content=\"Dur\u00e9e de lecture estim\u00e9e\" \/>\n\t<meta name=\"twitter:data1\" content=\"1 minute\" \/>\n<!-- \/ Yoast SEO plugin. -->","yoast_head_json":{"title":"Inscrivez-moi ! - Sagen\ud83c\udd6a","robots":{"index":"index","follow":"follow","max-snippet":"max-snippet:-1","max-image-preview":"max-image-preview:large","max-video-preview":"max-video-preview:-1"},"canonical":"https:\/\/www.sagen.ca\/fr\/inscrivez-moi\/","og_locale":"fr_FR","og_type":"article","og_title":"Inscrivez-moi ! - Sagen\ud83c\udd6a","og_description":"Inscrivez-moi ! Si vous acceptez de recevoir un petit t\u00e9moignage de remerciement, veuillez remplir le formulaire ci-dessous. Please enable JavaScript in your browser to complete this form.Please enable JavaScript in your browser to complete this form.Pr\u00e9nom *Nom de famille *Adresse \u00e9lectronique *Entreprise *Titre * Adresse * AddressCity\/town&#8212; Choisir la province &#8212;British ColumbiaOntarioQuebecAlbertaManitobaNew BrunswickNewfoundland and LabradorNorthwest","og_url":"https:\/\/www.sagen.ca\/fr\/inscrivez-moi\/","og_site_name":"Sagen\ud83c\udd6a","article_modified_time":"2025-03-26T14:22:31+00:00","og_image":[{"url":"https:\/\/www.sagen.ca\/wp-content\/plugins\/wpforms\/assets\/images\/submit-spin.svg","type":"","width":"","height":""}],"twitter_card":"summary_large_image","twitter_misc":{"Dur\u00e9e de lecture estim\u00e9e":"1 minute"},"schema":{"@context":"https:\/\/schema.org","@graph":[{"@type":"WebPage","@id":"https:\/\/www.sagen.ca\/fr\/inscrivez-moi\/","url":"https:\/\/www.sagen.ca\/fr\/inscrivez-moi\/","name":"Inscrivez-moi ! - Sagen\ud83c\udd6a","isPartOf":{"@id":"https:\/\/www.sagen.ca\/fr\/#website"},"primaryImageOfPage":{"@id":"https:\/\/www.sagen.ca\/fr\/inscrivez-moi\/#primaryimage"},"image":{"@id":"https:\/\/www.sagen.ca\/fr\/inscrivez-moi\/#primaryimage"},"thumbnailUrl":"https:\/\/www.sagen.ca\/wp-content\/plugins\/wpforms\/assets\/images\/submit-spin.svg","datePublished":"2024-11-19T14:28:12+00:00","dateModified":"2025-03-26T14:22:31+00:00","breadcrumb":{"@id":"https:\/\/www.sagen.ca\/fr\/inscrivez-moi\/#breadcrumb"},"inLanguage":"fr-FR","potentialAction":[{"@type":"ReadAction","target":["https:\/\/www.sagen.ca\/fr\/inscrivez-moi\/"]}]},{"@type":"ImageObject","inLanguage":"fr-FR","@id":"https:\/\/www.sagen.ca\/fr\/inscrivez-moi\/#primaryimage","url":"https:\/\/www.sagen.ca\/wp-content\/plugins\/wpforms\/assets\/images\/submit-spin.svg","contentUrl":"https:\/\/www.sagen.ca\/wp-content\/plugins\/wpforms\/assets\/images\/submit-spin.svg"},{"@type":"BreadcrumbList","@id":"https:\/\/www.sagen.ca\/fr\/inscrivez-moi\/#breadcrumb","itemListElement":[{"@type":"ListItem","position":1,"name":"Home","item":"https:\/\/www.sagen.ca\/fr\/"},{"@type":"ListItem","position":2,"name":"Inscrivez-moi !"}]},{"@type":"WebSite","@id":"https:\/\/www.sagen.ca\/fr\/#website","url":"https:\/\/www.sagen.ca\/fr\/","name":"Sagen\ud83c\udd6a","description":"Sagen\ud83c\udd6a Canada","publisher":{"@id":"https:\/\/www.sagen.ca\/fr\/#organization"},"potentialAction":[{"@type":"SearchAction","target":{"@type":"EntryPoint","urlTemplate":"https:\/\/www.sagen.ca\/fr\/?s={search_term_string}"},"query-input":{"@type":"PropertyValueSpecification","valueRequired":true,"valueName":"search_term_string"}}],"inLanguage":"fr-FR"},{"@type":"Organization","@id":"https:\/\/www.sagen.ca\/fr\/#organization","name":"Sagen\ud83c\udd6a","url":"https:\/\/www.sagen.ca\/fr\/","logo":{"@type":"ImageObject","inLanguage":"fr-FR","@id":"https:\/\/www.sagen.ca\/fr\/#\/schema\/logo\/image\/","url":"https:\/\/www.sagen.ca\/wp-content\/uploads\/2020\/09\/sagen-logo-TM_dark-bg-1.svg","contentUrl":"https:\/\/www.sagen.ca\/wp-content\/uploads\/2020\/09\/sagen-logo-TM_dark-bg-1.svg","caption":"Sagen\ud83c\udd6a"},"image":{"@id":"https:\/\/www.sagen.ca\/fr\/#\/schema\/logo\/image\/"}}]}},"_links":{"self":[{"href":"https:\/\/www.sagen.ca\/fr\/wp-json\/wp\/v2\/pages\/31455","targetHints":{"allow":["GET"]}}],"collection":[{"href":"https:\/\/www.sagen.ca\/fr\/wp-json\/wp\/v2\/pages"}],"about":[{"href":"https:\/\/www.sagen.ca\/fr\/wp-json\/wp\/v2\/types\/page"}],"author":[{"embeddable":true,"href":"https:\/\/www.sagen.ca\/fr\/wp-json\/wp\/v2\/users\/3"}],"replies":[{"embeddable":true,"href":"https:\/\/www.sagen.ca\/fr\/wp-json\/wp\/v2\/comments?post=31455"}],"version-history":[{"count":0,"href":"https:\/\/www.sagen.ca\/fr\/wp-json\/wp\/v2\/pages\/31455\/revisions"}],"wp:attachment":[{"href":"https:\/\/www.sagen.ca\/fr\/wp-json\/wp\/v2\/media?parent=31455"}],"curies":[{"name":"wp","href":"https:\/\/api.w.org\/{rel}","templated":true}]}}