{"id":608,"date":"2020-05-05T14:30:26","date_gmt":"2020-05-05T14:30:26","guid":{"rendered":"http:\/\/genworth.dev.artscience.ca\/welcome-to-the-new-genworth\/"},"modified":"2024-11-13T21:45:57","modified_gmt":"2024-11-13T21:45:57","slug":"welcome-2","status":"publish","type":"page","link":"https:\/\/www.sagen.ca\/fr\/","title":{"rendered":"Nous vous faisons une promesse."},"content":{"rendered":"\r\n<p><\/p>\r\n<p>Nous sommes Sagen<sup>MC<\/sup>, le plus important assureur priv\u00e9 de pr\u00eats hypoth\u00e9caires r\u00e9sidentiels au Canada. Nous sommes dans ce secteur depuis plus de 35 ans et avons acquis la r\u00e9putation d&#8217;\u00eatre un conseiller de confiance pour l&#8217;ensemble de nos clients \u00e0 travers tout le pays.<\/p>\r\n","protected":false},"excerpt":{"rendered":"<p>Nous sommes SagenMC, le plus important assureur priv\u00e9 de pr\u00eats hypoth\u00e9caires r\u00e9sidentiels au Canada. Nous sommes dans ce secteur depuis plus de 35 ans et avons acquis la r\u00e9putation d&#8217;\u00eatre un conseiller de confiance pour l&#8217;ensemble de nos clients \u00e0 travers tout le pays.<\/p>\n","protected":false},"author":2,"featured_media":0,"parent":0,"menu_order":0,"comment_status":"closed","ping_status":"closed","template":"","meta":{"_acf_changed":false,"footnotes":""},"class_list":["post-608","page","type-page","status-publish","hentry"],"acf":[],"yoast_head":"<!-- This site is optimized with the Yoast SEO plugin v27.2 - https:\/\/yoast.com\/product\/yoast-seo-wordpress\/ -->\n<title>Nous vous faisons une promesse. - Sagen\ud83c\udd6a<\/title>\n<meta name=\"description\" content=\"Genworth Canada est maintenant connu sous le nom de SagenMC. Nous sommes convaincus de pouvoir devenir le partenaire le plus fiable pour les pr\u00eateurs, les courtiers et les courtiers hypoth\u00e9caires de l\u2019industrie partout au Canada.\" \/>\n<meta name=\"robots\" content=\"index, follow, max-snippet:-1, max-image-preview:large, max-video-preview:-1\" \/>\n<link rel=\"canonical\" href=\"https:\/\/www.sagen.ca\/fr\/\" \/>\n<meta property=\"og:locale\" content=\"fr_FR\" \/>\n<meta property=\"og:type\" content=\"article\" \/>\n<meta property=\"og:title\" content=\"Nous vous faisons une promesse. - Sagen\ud83c\udd6a\" \/>\n<meta property=\"og:description\" content=\"Genworth Canada est maintenant connu sous le nom de SagenMC. Nous sommes convaincus de pouvoir devenir le partenaire le plus fiable pour les pr\u00eateurs, les courtiers et les courtiers hypoth\u00e9caires de l\u2019industrie partout au Canada.\" \/>\n<meta property=\"og:url\" content=\"https:\/\/www.sagen.ca\/fr\/\" \/>\n<meta property=\"og:site_name\" content=\"Sagen\ud83c\udd6a\" \/>\n<meta property=\"article:modified_time\" content=\"2024-11-13T21:45:57+00:00\" \/>\n<meta name=\"twitter:card\" content=\"summary_large_image\" \/>\n<meta name=\"twitter:label1\" content=\"Dur\u00e9e de lecture estim\u00e9e\" \/>\n\t<meta name=\"twitter:data1\" content=\"1 minute\" \/>\n<!-- \/ Yoast SEO plugin. -->","yoast_head_json":{"title":"Nous vous faisons une promesse. - Sagen\ud83c\udd6a","description":"Genworth Canada est maintenant connu sous le nom de SagenMC. Nous sommes convaincus de pouvoir devenir le partenaire le plus fiable pour les pr\u00eateurs, les courtiers et les courtiers hypoth\u00e9caires de l\u2019industrie partout au Canada.","robots":{"index":"index","follow":"follow","max-snippet":"max-snippet:-1","max-image-preview":"max-image-preview:large","max-video-preview":"max-video-preview:-1"},"canonical":"https:\/\/www.sagen.ca\/fr\/","og_locale":"fr_FR","og_type":"article","og_title":"Nous vous faisons une promesse. - Sagen\ud83c\udd6a","og_description":"Genworth Canada est maintenant connu sous le nom de SagenMC. Nous sommes convaincus de pouvoir devenir le partenaire le plus fiable pour les pr\u00eateurs, les courtiers et les courtiers hypoth\u00e9caires de l\u2019industrie partout au Canada.","og_url":"https:\/\/www.sagen.ca\/fr\/","og_site_name":"Sagen\ud83c\udd6a","article_modified_time":"2024-11-13T21:45:57+00:00","twitter_card":"summary_large_image","twitter_misc":{"Dur\u00e9e de lecture estim\u00e9e":"1 minute"},"schema":{"@context":"https:\/\/schema.org","@graph":[{"@type":"WebPage","@id":"https:\/\/www.sagen.ca\/fr\/","url":"https:\/\/www.sagen.ca\/fr\/","name":"Nous vous faisons une promesse. - Sagen\ud83c\udd6a","isPartOf":{"@id":"https:\/\/www.sagen.ca\/fr\/#website"},"datePublished":"2020-05-05T14:30:26+00:00","dateModified":"2024-11-13T21:45:57+00:00","description":"Genworth Canada est maintenant connu sous le nom de SagenMC. Nous sommes convaincus de pouvoir devenir le partenaire le plus fiable pour les pr\u00eateurs, les courtiers et les courtiers hypoth\u00e9caires de l\u2019industrie partout au Canada.","breadcrumb":{"@id":"https:\/\/www.sagen.ca\/fr\/#breadcrumb"},"inLanguage":"fr-FR","potentialAction":[{"@type":"ReadAction","target":["https:\/\/www.sagen.ca\/fr\/"]}]},{"@type":"BreadcrumbList","@id":"https:\/\/www.sagen.ca\/fr\/#breadcrumb","itemListElement":[{"@type":"ListItem","position":1,"name":"Home","item":"https:\/\/www.sagen.ca\/fr\/"},{"@type":"ListItem","position":2,"name":"Nous vous faisons une promesse."}]},{"@type":"WebSite","@id":"https:\/\/www.sagen.ca\/fr\/#website","url":"https:\/\/www.sagen.ca\/fr\/","name":"Sagen\ud83c\udd6a","description":"Sagen\ud83c\udd6a Canada","publisher":{"@id":"https:\/\/www.sagen.ca\/fr\/#organization"},"potentialAction":[{"@type":"SearchAction","target":{"@type":"EntryPoint","urlTemplate":"https:\/\/www.sagen.ca\/fr\/?s={search_term_string}"},"query-input":{"@type":"PropertyValueSpecification","valueRequired":true,"valueName":"search_term_string"}}],"inLanguage":"fr-FR"},{"@type":"Organization","@id":"https:\/\/www.sagen.ca\/fr\/#organization","name":"Sagen\ud83c\udd6a","url":"https:\/\/www.sagen.ca\/fr\/","logo":{"@type":"ImageObject","inLanguage":"fr-FR","@id":"https:\/\/www.sagen.ca\/fr\/#\/schema\/logo\/image\/","url":"https:\/\/www.sagen.ca\/wp-content\/uploads\/2020\/09\/sagen-logo-TM_dark-bg-1.svg","contentUrl":"https:\/\/www.sagen.ca\/wp-content\/uploads\/2020\/09\/sagen-logo-TM_dark-bg-1.svg","caption":"Sagen\ud83c\udd6a"},"image":{"@id":"https:\/\/www.sagen.ca\/fr\/#\/schema\/logo\/image\/"}}]}},"_links":{"self":[{"href":"https:\/\/www.sagen.ca\/fr\/wp-json\/wp\/v2\/pages\/608","targetHints":{"allow":["GET"]}}],"collection":[{"href":"https:\/\/www.sagen.ca\/fr\/wp-json\/wp\/v2\/pages"}],"about":[{"href":"https:\/\/www.sagen.ca\/fr\/wp-json\/wp\/v2\/types\/page"}],"author":[{"embeddable":true,"href":"https:\/\/www.sagen.ca\/fr\/wp-json\/wp\/v2\/users\/2"}],"replies":[{"embeddable":true,"href":"https:\/\/www.sagen.ca\/fr\/wp-json\/wp\/v2\/comments?post=608"}],"version-history":[{"count":0,"href":"https:\/\/www.sagen.ca\/fr\/wp-json\/wp\/v2\/pages\/608\/revisions"}],"wp:attachment":[{"href":"https:\/\/www.sagen.ca\/fr\/wp-json\/wp\/v2\/media?parent=608"}],"curies":[{"name":"wp","href":"https:\/\/api.w.org\/{rel}","templated":true}]}}