{"id":616,"date":"2020-05-13T18:32:46","date_gmt":"2020-05-13T18:32:46","guid":{"rendered":"http:\/\/genworth.dev.artscience.ca\/tools-resources\/my-marketing-source\/"},"modified":"2022-11-24T19:50:51","modified_gmt":"2022-11-24T19:50:51","slug":"ma-source-marketing","status":"publish","type":"page","link":"https:\/\/www.sagen.ca\/fr\/outils-et-ressources\/ma-source-marketing\/","title":{"rendered":"Ma source marketing"},"content":{"rendered":"\t\t<div data-elementor-type=\"wp-page\" data-elementor-id=\"616\" class=\"elementor elementor-616 elementor-412\" data-elementor-post-type=\"page\">\n\t\t\t\t\t\t<section class=\"elementor-section elementor-top-section elementor-element elementor-element-a07833c elementor-section-full_width elementor-section-height-default elementor-section-height-default\" data-id=\"a07833c\" data-element_type=\"section\" data-e-type=\"section\">\n\t\t\t\t\t\t<div class=\"elementor-container elementor-column-gap-no\">\n\t\t\t\t\t<div class=\"elementor-column elementor-col-100 elementor-top-column elementor-element elementor-element-58683a5\" data-id=\"58683a5\" data-element_type=\"column\" data-e-type=\"column\">\n\t\t\t<div class=\"elementor-widget-wrap elementor-element-populated\">\n\t\t\t\t\t\t<div class=\"elementor-element elementor-element-d7f35c5 elementor-widget elementor-widget-maintitle\" data-id=\"d7f35c5\" data-element_type=\"widget\" data-e-type=\"widget\" data-widget_type=\"maintitle.default\">\n\t\t\t\t<div class=\"elementor-widget-container\">\n\t\t\t\t\t\t\t<div class=\"main-title-content-image-left-right\">\n\t\t\t<div class=\"inner-left-right\">\n\t\t\t\t\t\t\t\t<div class=\"left-pane\">\n\t\t\t\t\t<h1>Ma source marketing<\/h1>\n\t\t\t\t\t<div>Sagen is here to help you create professional, customized marketing content easily.<\/div>\n\t\t\t\t<\/div>\n                <div class=\"right-pane\">\n                                    <\/div>\n\t\t\t<\/div>\n\t\t<\/div>\n\t\t\t\t\t\t<\/div>\n\t\t\t\t<\/div>\n\t\t\t\t\t<\/div>\n\t\t<\/div>\n\t\t\t\t\t<\/div>\n\t\t<\/section>\n\t\t\t\t<section class=\"elementor-section elementor-top-section elementor-element elementor-element-f406f65 elementor-section-boxed elementor-section-height-default elementor-section-height-default\" data-id=\"f406f65\" data-element_type=\"section\" data-e-type=\"section\">\n\t\t\t\t\t\t<div class=\"elementor-container elementor-column-gap-default\">\n\t\t\t\t\t<div class=\"elementor-column elementor-col-100 elementor-top-column elementor-element elementor-element-ac26146\" data-id=\"ac26146\" data-element_type=\"column\" data-e-type=\"column\">\n\t\t\t<div class=\"elementor-widget-wrap elementor-element-populated\">\n\t\t\t\t\t\t<section class=\"elementor-section elementor-inner-section elementor-element elementor-element-6921cc6 elementor-reduce-width elementor-section-boxed elementor-section-height-default elementor-section-height-default\" data-id=\"6921cc6\" data-element_type=\"section\" data-e-type=\"section\" data-settings=\"{&quot;background_background&quot;:&quot;classic&quot;}\">\n\t\t\t\t\t\t<div class=\"elementor-container elementor-column-gap-default\">\n\t\t\t\t\t<div class=\"elementor-column elementor-col-50 elementor-inner-column elementor-element elementor-element-e3d7aad\" data-id=\"e3d7aad\" data-element_type=\"column\" data-e-type=\"column\">\n\t\t\t<div class=\"elementor-widget-wrap elementor-element-populated\">\n\t\t\t\t\t\t<div class=\"elementor-element elementor-element-a30dbbb elementor-widget elementor-widget-text-editor\" data-id=\"a30dbbb\" data-element_type=\"widget\" data-e-type=\"widget\" data-widget_type=\"text-editor.default\">\n\t\t\t\t<div class=\"elementor-widget-container\">\n\t\t\t\t\t\t\t\t\t<h2 class=\"elementor-circle-light\">Mettez-vous en avant avec des outils de marketing professionnels 24 heures sur 24, 7 jours sur 7<\/h2>\r\n<p class=\"lg-font\">Imposez votre marque personnelle en cr\u00e9ant votre propre mat\u00e9riel marketing personnalis\u00e9. Notre centre de solutions Web vous offre des ressources et des outils complets qui peuvent \u00eatre personnalis\u00e9s pour r\u00e9pondre \u00e0 vos besoins.<\/p>\t\t\t\t\t\t\t\t<\/div>\n\t\t\t\t<\/div>\n\t\t\t\t<div class=\"elementor-element elementor-element-028f442 elementor-widget elementor-widget-button\" data-id=\"028f442\" data-element_type=\"widget\" data-e-type=\"widget\" data-widget_type=\"button.default\">\n\t\t\t\t<div class=\"elementor-widget-container\">\n\t\t\t\t\t\t\t\t\t<div class=\"elementor-button-wrapper\">\n\t\t\t\t\t<a class=\"elementor-button elementor-button-link elementor-size-md\" href=\"https:\/\/marcomcentral.app.pti.com\/printone\/login.aspx?company_id=23543&#038;uigroup_id=559871&#038;localeSwitch=1\" target=\"_blank\">\n\t\t\t\t\t\t<span class=\"elementor-button-content-wrapper\">\n\t\t\t\t\t\t\t\t\t<span class=\"elementor-button-text\">S\u2019inscrire<\/span>\n\t\t\t\t\t<\/span>\n\t\t\t\t\t<\/a>\n\t\t\t\t<\/div>\n\t\t\t\t\t\t\t\t<\/div>\n\t\t\t\t<\/div>\n\t\t\t\t\t<\/div>\n\t\t<\/div>\n\t\t\t\t<div class=\"elementor-column elementor-col-50 elementor-inner-column elementor-element elementor-element-3b3dbd2\" data-id=\"3b3dbd2\" data-element_type=\"column\" data-e-type=\"column\">\n\t\t\t<div class=\"elementor-widget-wrap\">\n\t\t\t\t\t\t\t<\/div>\n\t\t<\/div>\n\t\t\t\t\t<\/div>\n\t\t<\/section>\n\t\t\t\t\t<\/div>\n\t\t<\/div>\n\t\t\t\t\t<\/div>\n\t\t<\/section>\n\t\t\t\t<\/div>\n\t\t","protected":false},"excerpt":{"rendered":"<p>Home&nbsp;&nbsp; Sagen is here to help you create professional, customized marketing content easily. Mettez-vous en avant avec des outils de marketing professionnels 24 heures sur 24, 7 jours sur 7 Imposez votre marque personnelle en cr\u00e9ant votre propre mat\u00e9riel marketing personnalis\u00e9. Notre centre de solutions Web vous offre des ressources et des outils complets qui<\/p>\n","protected":false},"author":2,"featured_media":0,"parent":614,"menu_order":0,"comment_status":"closed","ping_status":"closed","template":"template-elementor-no-above-footer.php","meta":{"_acf_changed":false,"footnotes":""},"class_list":["post-616","page","type-page","status-publish","hentry"],"acf":[],"yoast_head":"<!-- This site is optimized with the Yoast SEO plugin v27.2 - https:\/\/yoast.com\/product\/yoast-seo-wordpress\/ -->\n<title>Ma source marketing - Sagen\ud83c\udd6a<\/title>\n<meta name=\"description\" content=\"SagenMC est l\u00e0 pour vous aider \u00e0 cr\u00e9er facilement du contenu marketing professionnel et personnalis\u00e9.\" \/>\n<meta name=\"robots\" content=\"index, follow, max-snippet:-1, max-image-preview:large, max-video-preview:-1\" \/>\n<link rel=\"canonical\" href=\"https:\/\/www.sagen.ca\/fr\/outils-et-ressources\/ma-source-marketing\/\" \/>\n<meta property=\"og:locale\" content=\"fr_FR\" \/>\n<meta property=\"og:type\" content=\"article\" \/>\n<meta property=\"og:title\" content=\"Ma source marketing - Sagen\ud83c\udd6a\" \/>\n<meta property=\"og:description\" content=\"SagenMC est l\u00e0 pour vous aider \u00e0 cr\u00e9er facilement du contenu marketing professionnel et personnalis\u00e9.\" \/>\n<meta property=\"og:url\" content=\"https:\/\/www.sagen.ca\/fr\/outils-et-ressources\/ma-source-marketing\/\" \/>\n<meta property=\"og:site_name\" content=\"Sagen\ud83c\udd6a\" \/>\n<meta property=\"article:modified_time\" content=\"2022-11-24T19:50:51+00:00\" \/>\n<meta name=\"twitter:card\" content=\"summary_large_image\" \/>\n<!-- \/ Yoast SEO plugin. -->","yoast_head_json":{"title":"Ma source marketing - Sagen\ud83c\udd6a","description":"SagenMC est l\u00e0 pour vous aider \u00e0 cr\u00e9er facilement du contenu marketing professionnel et personnalis\u00e9.","robots":{"index":"index","follow":"follow","max-snippet":"max-snippet:-1","max-image-preview":"max-image-preview:large","max-video-preview":"max-video-preview:-1"},"canonical":"https:\/\/www.sagen.ca\/fr\/outils-et-ressources\/ma-source-marketing\/","og_locale":"fr_FR","og_type":"article","og_title":"Ma source marketing - Sagen\ud83c\udd6a","og_description":"SagenMC est l\u00e0 pour vous aider \u00e0 cr\u00e9er facilement du contenu marketing professionnel et personnalis\u00e9.","og_url":"https:\/\/www.sagen.ca\/fr\/outils-et-ressources\/ma-source-marketing\/","og_site_name":"Sagen\ud83c\udd6a","article_modified_time":"2022-11-24T19:50:51+00:00","twitter_card":"summary_large_image","schema":{"@context":"https:\/\/schema.org","@graph":[{"@type":"WebPage","@id":"https:\/\/www.sagen.ca\/fr\/outils-et-ressources\/ma-source-marketing\/","url":"https:\/\/www.sagen.ca\/fr\/outils-et-ressources\/ma-source-marketing\/","name":"Ma source marketing - Sagen\ud83c\udd6a","isPartOf":{"@id":"https:\/\/www.sagen.ca\/fr\/#website"},"datePublished":"2020-05-13T18:32:46+00:00","dateModified":"2022-11-24T19:50:51+00:00","description":"SagenMC est l\u00e0 pour vous aider \u00e0 cr\u00e9er facilement du contenu marketing professionnel et personnalis\u00e9.","breadcrumb":{"@id":"https:\/\/www.sagen.ca\/fr\/outils-et-ressources\/ma-source-marketing\/#breadcrumb"},"inLanguage":"fr-FR","potentialAction":[{"@type":"ReadAction","target":["https:\/\/www.sagen.ca\/fr\/outils-et-ressources\/ma-source-marketing\/"]}]},{"@type":"BreadcrumbList","@id":"https:\/\/www.sagen.ca\/fr\/outils-et-ressources\/ma-source-marketing\/#breadcrumb","itemListElement":[{"@type":"ListItem","position":1,"name":"Home","item":"https:\/\/www.sagen.ca\/fr\/"},{"@type":"ListItem","position":2,"name":"Outils et ressources","item":"https:\/\/www.sagen.ca\/fr\/outils-et-ressources\/"},{"@type":"ListItem","position":3,"name":"Ma source marketing"}]},{"@type":"WebSite","@id":"https:\/\/www.sagen.ca\/fr\/#website","url":"https:\/\/www.sagen.ca\/fr\/","name":"Sagen\ud83c\udd6a","description":"Sagen\ud83c\udd6a Canada","publisher":{"@id":"https:\/\/www.sagen.ca\/fr\/#organization"},"potentialAction":[{"@type":"SearchAction","target":{"@type":"EntryPoint","urlTemplate":"https:\/\/www.sagen.ca\/fr\/?s={search_term_string}"},"query-input":{"@type":"PropertyValueSpecification","valueRequired":true,"valueName":"search_term_string"}}],"inLanguage":"fr-FR"},{"@type":"Organization","@id":"https:\/\/www.sagen.ca\/fr\/#organization","name":"Sagen\ud83c\udd6a","url":"https:\/\/www.sagen.ca\/fr\/","logo":{"@type":"ImageObject","inLanguage":"fr-FR","@id":"https:\/\/www.sagen.ca\/fr\/#\/schema\/logo\/image\/","url":"https:\/\/www.sagen.ca\/wp-content\/uploads\/2020\/09\/sagen-logo-TM_dark-bg-1.svg","contentUrl":"https:\/\/www.sagen.ca\/wp-content\/uploads\/2020\/09\/sagen-logo-TM_dark-bg-1.svg","caption":"Sagen\ud83c\udd6a"},"image":{"@id":"https:\/\/www.sagen.ca\/fr\/#\/schema\/logo\/image\/"}}]}},"_links":{"self":[{"href":"https:\/\/www.sagen.ca\/fr\/wp-json\/wp\/v2\/pages\/616","targetHints":{"allow":["GET"]}}],"collection":[{"href":"https:\/\/www.sagen.ca\/fr\/wp-json\/wp\/v2\/pages"}],"about":[{"href":"https:\/\/www.sagen.ca\/fr\/wp-json\/wp\/v2\/types\/page"}],"author":[{"embeddable":true,"href":"https:\/\/www.sagen.ca\/fr\/wp-json\/wp\/v2\/users\/2"}],"replies":[{"embeddable":true,"href":"https:\/\/www.sagen.ca\/fr\/wp-json\/wp\/v2\/comments?post=616"}],"version-history":[{"count":0,"href":"https:\/\/www.sagen.ca\/fr\/wp-json\/wp\/v2\/pages\/616\/revisions"}],"up":[{"embeddable":true,"href":"https:\/\/www.sagen.ca\/fr\/wp-json\/wp\/v2\/pages\/614"}],"wp:attachment":[{"href":"https:\/\/www.sagen.ca\/fr\/wp-json\/wp\/v2\/media?parent=616"}],"curies":[{"name":"wp","href":"https:\/\/api.w.org\/{rel}","templated":true}]}}