{"id":619,"date":"2021-02-08T20:43:56","date_gmt":"2021-02-08T20:43:56","guid":{"rendered":"http:\/\/genworth.dev.artscience.ca\/genworth-national-sales-and-marketing-team\/"},"modified":"2026-04-07T17:21:39","modified_gmt":"2026-04-07T17:21:39","slug":"equipe-nationale-des-ventes-et-du-marketing-de-sagen","status":"publish","type":"page","link":"https:\/\/www.sagen.ca\/fr\/nous-joindre\/equipe-nationale-des-ventes-et-du-marketing-de-sagen\/","title":{"rendered":"\u00c9quipe des ventes et du marketing de Sagen"},"content":{"rendered":"","protected":false},"excerpt":{"rendered":"","protected":false},"author":2,"featured_media":1651,"parent":2232,"menu_order":0,"comment_status":"closed","ping_status":"closed","template":"","meta":{"_acf_changed":false,"footnotes":""},"class_list":["post-619","page","type-page","status-publish","has-post-thumbnail","hentry"],"acf":[],"yoast_head":"<!-- This site is optimized with the Yoast SEO plugin v27.2 - https:\/\/yoast.com\/product\/yoast-seo-wordpress\/ -->\n<title>\u00c9quipe des ventes et du marketing de Sagen - Sagen\ud83c\udd6a<\/title>\n<meta name=\"description\" content=\"Trouvez un membre de l\u2019\u00e9quipe nationale des ventes et du marketing de Sagen\ud83c\udd6a ou communiquez avec votre repr\u00e9sentant local.\" \/>\n<meta name=\"robots\" content=\"index, follow, max-snippet:-1, max-image-preview:large, max-video-preview:-1\" \/>\n<link rel=\"canonical\" href=\"https:\/\/www.sagen.ca\/fr\/nous-joindre\/equipe-nationale-des-ventes-et-du-marketing-de-sagen\/\" \/>\n<meta property=\"og:locale\" content=\"fr_FR\" \/>\n<meta property=\"og:type\" content=\"article\" \/>\n<meta property=\"og:title\" content=\"\u00c9quipe des ventes et du marketing de Sagen - Sagen\ud83c\udd6a\" \/>\n<meta property=\"og:description\" content=\"Trouvez un membre de l\u2019\u00e9quipe nationale des ventes et du marketing de Sagen\ud83c\udd6a ou communiquez avec votre repr\u00e9sentant local.\" \/>\n<meta property=\"og:url\" content=\"https:\/\/www.sagen.ca\/fr\/nous-joindre\/equipe-nationale-des-ventes-et-du-marketing-de-sagen\/\" \/>\n<meta property=\"og:site_name\" content=\"Sagen\ud83c\udd6a\" \/>\n<meta property=\"article:modified_time\" content=\"2026-04-07T17:21:39+00:00\" \/>\n<meta property=\"og:image\" content=\"https:\/\/www.sagen.ca\/wp-content\/uploads\/2020\/08\/contact-sales.jpg\" \/>\n\t<meta property=\"og:image:width\" content=\"1000\" \/>\n\t<meta property=\"og:image:height\" content=\"807\" \/>\n\t<meta property=\"og:image:type\" content=\"image\/jpeg\" \/>\n<meta name=\"twitter:card\" content=\"summary_large_image\" \/>\n<meta name=\"twitter:label1\" content=\"Dur\u00e9e de lecture estim\u00e9e\" \/>\n\t<meta name=\"twitter:data1\" content=\"1 minute\" \/>\n<!-- \/ Yoast SEO plugin. -->","yoast_head_json":{"title":"\u00c9quipe des ventes et du marketing de Sagen - Sagen\ud83c\udd6a","description":"Trouvez un membre de l\u2019\u00e9quipe nationale des ventes et du marketing de Sagen\ud83c\udd6a ou communiquez avec votre repr\u00e9sentant local.","robots":{"index":"index","follow":"follow","max-snippet":"max-snippet:-1","max-image-preview":"max-image-preview:large","max-video-preview":"max-video-preview:-1"},"canonical":"https:\/\/www.sagen.ca\/fr\/nous-joindre\/equipe-nationale-des-ventes-et-du-marketing-de-sagen\/","og_locale":"fr_FR","og_type":"article","og_title":"\u00c9quipe des ventes et du marketing de Sagen - Sagen\ud83c\udd6a","og_description":"Trouvez un membre de l\u2019\u00e9quipe nationale des ventes et du marketing de Sagen\ud83c\udd6a ou communiquez avec votre repr\u00e9sentant local.","og_url":"https:\/\/www.sagen.ca\/fr\/nous-joindre\/equipe-nationale-des-ventes-et-du-marketing-de-sagen\/","og_site_name":"Sagen\ud83c\udd6a","article_modified_time":"2026-04-07T17:21:39+00:00","og_image":[{"width":1000,"height":807,"url":"https:\/\/www.sagen.ca\/wp-content\/uploads\/2020\/08\/contact-sales.jpg","type":"image\/jpeg"}],"twitter_card":"summary_large_image","twitter_misc":{"Dur\u00e9e de lecture estim\u00e9e":"1 minute"},"schema":{"@context":"https:\/\/schema.org","@graph":[{"@type":"WebPage","@id":"https:\/\/www.sagen.ca\/fr\/nous-joindre\/equipe-nationale-des-ventes-et-du-marketing-de-sagen\/","url":"https:\/\/www.sagen.ca\/fr\/nous-joindre\/equipe-nationale-des-ventes-et-du-marketing-de-sagen\/","name":"\u00c9quipe des ventes et du marketing de Sagen - Sagen\ud83c\udd6a","isPartOf":{"@id":"https:\/\/www.sagen.ca\/fr\/#website"},"primaryImageOfPage":{"@id":"https:\/\/www.sagen.ca\/fr\/nous-joindre\/equipe-nationale-des-ventes-et-du-marketing-de-sagen\/#primaryimage"},"image":{"@id":"https:\/\/www.sagen.ca\/fr\/nous-joindre\/equipe-nationale-des-ventes-et-du-marketing-de-sagen\/#primaryimage"},"thumbnailUrl":"https:\/\/www.sagen.ca\/wp-content\/uploads\/2020\/08\/contact-sales.jpg","datePublished":"2021-02-08T20:43:56+00:00","dateModified":"2026-04-07T17:21:39+00:00","description":"Trouvez un membre de l\u2019\u00e9quipe nationale des ventes et du marketing de Sagen\ud83c\udd6a ou communiquez avec votre repr\u00e9sentant local.","breadcrumb":{"@id":"https:\/\/www.sagen.ca\/fr\/nous-joindre\/equipe-nationale-des-ventes-et-du-marketing-de-sagen\/#breadcrumb"},"inLanguage":"fr-FR","potentialAction":[{"@type":"ReadAction","target":["https:\/\/www.sagen.ca\/fr\/nous-joindre\/equipe-nationale-des-ventes-et-du-marketing-de-sagen\/"]}]},{"@type":"ImageObject","inLanguage":"fr-FR","@id":"https:\/\/www.sagen.ca\/fr\/nous-joindre\/equipe-nationale-des-ventes-et-du-marketing-de-sagen\/#primaryimage","url":"https:\/\/www.sagen.ca\/wp-content\/uploads\/2020\/08\/contact-sales.jpg","contentUrl":"https:\/\/www.sagen.ca\/wp-content\/uploads\/2020\/08\/contact-sales.jpg","width":1000,"height":807,"caption":"Vue a\u00e9rienne d\u2019une table de conf\u00e9rence avec des personnes, des ordinateurs portables, des carnets de notes et des t\u00e9l\u00e9phones"},{"@type":"BreadcrumbList","@id":"https:\/\/www.sagen.ca\/fr\/nous-joindre\/equipe-nationale-des-ventes-et-du-marketing-de-sagen\/#breadcrumb","itemListElement":[{"@type":"ListItem","position":1,"name":"Home","item":"https:\/\/www.sagen.ca\/fr\/"},{"@type":"ListItem","position":2,"name":"Communiquez avec nous","item":"https:\/\/www.sagen.ca\/fr\/contact\/"},{"@type":"ListItem","position":3,"name":"\u00c9quipe des ventes et du marketing de Sagen"}]},{"@type":"WebSite","@id":"https:\/\/www.sagen.ca\/fr\/#website","url":"https:\/\/www.sagen.ca\/fr\/","name":"Sagen\ud83c\udd6a","description":"Sagen\ud83c\udd6a Canada","publisher":{"@id":"https:\/\/www.sagen.ca\/fr\/#organization"},"potentialAction":[{"@type":"SearchAction","target":{"@type":"EntryPoint","urlTemplate":"https:\/\/www.sagen.ca\/fr\/?s={search_term_string}"},"query-input":{"@type":"PropertyValueSpecification","valueRequired":true,"valueName":"search_term_string"}}],"inLanguage":"fr-FR"},{"@type":"Organization","@id":"https:\/\/www.sagen.ca\/fr\/#organization","name":"Sagen\ud83c\udd6a","url":"https:\/\/www.sagen.ca\/fr\/","logo":{"@type":"ImageObject","inLanguage":"fr-FR","@id":"https:\/\/www.sagen.ca\/fr\/#\/schema\/logo\/image\/","url":"https:\/\/www.sagen.ca\/wp-content\/uploads\/2020\/09\/sagen-logo-TM_dark-bg-1.svg","contentUrl":"https:\/\/www.sagen.ca\/wp-content\/uploads\/2020\/09\/sagen-logo-TM_dark-bg-1.svg","caption":"Sagen\ud83c\udd6a"},"image":{"@id":"https:\/\/www.sagen.ca\/fr\/#\/schema\/logo\/image\/"}}]}},"_links":{"self":[{"href":"https:\/\/www.sagen.ca\/fr\/wp-json\/wp\/v2\/pages\/619","targetHints":{"allow":["GET"]}}],"collection":[{"href":"https:\/\/www.sagen.ca\/fr\/wp-json\/wp\/v2\/pages"}],"about":[{"href":"https:\/\/www.sagen.ca\/fr\/wp-json\/wp\/v2\/types\/page"}],"author":[{"embeddable":true,"href":"https:\/\/www.sagen.ca\/fr\/wp-json\/wp\/v2\/users\/2"}],"replies":[{"embeddable":true,"href":"https:\/\/www.sagen.ca\/fr\/wp-json\/wp\/v2\/comments?post=619"}],"version-history":[{"count":5,"href":"https:\/\/www.sagen.ca\/fr\/wp-json\/wp\/v2\/pages\/619\/revisions"}],"predecessor-version":[{"id":32574,"href":"https:\/\/www.sagen.ca\/fr\/wp-json\/wp\/v2\/pages\/619\/revisions\/32574"}],"up":[{"embeddable":true,"href":"https:\/\/www.sagen.ca\/fr\/wp-json\/wp\/v2\/pages\/2232"}],"wp:featuredmedia":[{"embeddable":true,"href":"https:\/\/www.sagen.ca\/fr\/wp-json\/wp\/v2\/media\/1651"}],"wp:attachment":[{"href":"https:\/\/www.sagen.ca\/fr\/wp-json\/wp\/v2\/media?parent=619"}],"curies":[{"name":"wp","href":"https:\/\/api.w.org\/{rel}","templated":true}]}}