{"id":620,"date":"2021-03-12T17:25:36","date_gmt":"2021-03-12T17:25:36","guid":{"rendered":"http:\/\/genworth.dev.artscience.ca\/industry-insights\/"},"modified":"2026-03-26T19:18:27","modified_gmt":"2026-03-26T19:18:27","slug":"nouvelles-de-lindustrie","status":"publish","type":"page","link":"https:\/\/www.sagen.ca\/fr\/nouvelles-de-lindustrie\/","title":{"rendered":"Nouvelles de l\u2019industrie"},"content":{"rendered":"<p>Demeurez au fait des principaux renseignements sur l\u2019industrie gr\u00e2ce \u00e0 nos \u00e9tudes, \u00e0 nos publications et \u00e0 nos renseignements sur l\u2019accession \u00e0 la propri\u00e9t\u00e9.<\/p>\n","protected":false},"excerpt":{"rendered":"<p>Demeurez au fait des principaux renseignements sur l\u2019industrie gr\u00e2ce \u00e0 nos \u00e9tudes, \u00e0 nos publications et \u00e0 nos renseignements sur l\u2019accession \u00e0 la propri\u00e9t\u00e9.<\/p>\n","protected":false},"author":2,"featured_media":774,"parent":0,"menu_order":0,"comment_status":"closed","ping_status":"closed","template":"","meta":{"_acf_changed":false,"footnotes":""},"class_list":["post-620","page","type-page","status-publish","has-post-thumbnail","hentry"],"acf":[],"yoast_head":"<!-- This site is optimized with the Yoast SEO plugin v27.4 - https:\/\/yoast.com\/product\/yoast-seo-wordpress\/ -->\n<title>Nouvelles de l\u2019industrie - Sagen\ud83c\udd6a<\/title>\n<meta name=\"description\" content=\"Demeurez au fait des principaux renseignements sur l\u2019industrie gr\u00e2ce aux \u00e9tudes, aux publications et aux renseignements sur l\u2019accession \u00e0 la propri\u00e9t\u00e9 de Sagen\ud83c\udd6a.\" \/>\n<meta name=\"robots\" content=\"index, follow, max-snippet:-1, max-image-preview:large, max-video-preview:-1\" \/>\n<link rel=\"canonical\" href=\"https:\/\/www.sagen.ca\/fr\/nouvelles-de-lindustrie\/\" \/>\n<meta property=\"og:locale\" content=\"fr_FR\" \/>\n<meta property=\"og:type\" content=\"article\" \/>\n<meta property=\"og:title\" content=\"Nouvelles de l\u2019industrie - Sagen\ud83c\udd6a\" \/>\n<meta property=\"og:description\" content=\"Demeurez au fait des principaux renseignements sur l\u2019industrie gr\u00e2ce aux \u00e9tudes, aux publications et aux renseignements sur l\u2019accession \u00e0 la propri\u00e9t\u00e9 de Sagen\ud83c\udd6a.\" \/>\n<meta property=\"og:url\" content=\"https:\/\/www.sagen.ca\/fr\/nouvelles-de-lindustrie\/\" \/>\n<meta property=\"og:site_name\" content=\"Sagen\ud83c\udd6a\" \/>\n<meta property=\"article:modified_time\" content=\"2026-03-26T19:18:27+00:00\" \/>\n<meta property=\"og:image\" content=\"https:\/\/www.sagen.ca\/wp-content\/uploads\/2020\/06\/paul-hanaoka-5Za2sS955yg-unsplash-1024x767.jpg\" \/>\n\t<meta property=\"og:image:width\" content=\"1024\" \/>\n\t<meta property=\"og:image:height\" content=\"767\" \/>\n\t<meta property=\"og:image:type\" content=\"image\/jpeg\" \/>\n<meta name=\"twitter:card\" content=\"summary_large_image\" \/>\n<meta name=\"twitter:label1\" content=\"Dur\u00e9e de lecture estim\u00e9e\" \/>\n\t<meta name=\"twitter:data1\" content=\"1 minute\" \/>\n<!-- \/ Yoast SEO plugin. -->","yoast_head_json":{"title":"Nouvelles de l\u2019industrie - Sagen\ud83c\udd6a","description":"Demeurez au fait des principaux renseignements sur l\u2019industrie gr\u00e2ce aux \u00e9tudes, aux publications et aux renseignements sur l\u2019accession \u00e0 la propri\u00e9t\u00e9 de Sagen\ud83c\udd6a.","robots":{"index":"index","follow":"follow","max-snippet":"max-snippet:-1","max-image-preview":"max-image-preview:large","max-video-preview":"max-video-preview:-1"},"canonical":"https:\/\/www.sagen.ca\/fr\/nouvelles-de-lindustrie\/","og_locale":"fr_FR","og_type":"article","og_title":"Nouvelles de l\u2019industrie - Sagen\ud83c\udd6a","og_description":"Demeurez au fait des principaux renseignements sur l\u2019industrie gr\u00e2ce aux \u00e9tudes, aux publications et aux renseignements sur l\u2019accession \u00e0 la propri\u00e9t\u00e9 de Sagen\ud83c\udd6a.","og_url":"https:\/\/www.sagen.ca\/fr\/nouvelles-de-lindustrie\/","og_site_name":"Sagen\ud83c\udd6a","article_modified_time":"2026-03-26T19:18:27+00:00","og_image":[{"width":1024,"height":767,"url":"https:\/\/www.sagen.ca\/wp-content\/uploads\/2020\/06\/paul-hanaoka-5Za2sS955yg-unsplash-1024x767.jpg","type":"image\/jpeg"}],"twitter_card":"summary_large_image","twitter_misc":{"Dur\u00e9e de lecture estim\u00e9e":"1 minute"},"schema":{"@context":"https:\/\/schema.org","@graph":[{"@type":"WebPage","@id":"https:\/\/www.sagen.ca\/fr\/nouvelles-de-lindustrie\/","url":"https:\/\/www.sagen.ca\/fr\/nouvelles-de-lindustrie\/","name":"Nouvelles de l\u2019industrie - Sagen\ud83c\udd6a","isPartOf":{"@id":"https:\/\/www.sagen.ca\/fr\/#website"},"primaryImageOfPage":{"@id":"https:\/\/www.sagen.ca\/fr\/nouvelles-de-lindustrie\/#primaryimage"},"image":{"@id":"https:\/\/www.sagen.ca\/fr\/nouvelles-de-lindustrie\/#primaryimage"},"thumbnailUrl":"https:\/\/www.sagen.ca\/wp-content\/uploads\/2020\/06\/paul-hanaoka-5Za2sS955yg-unsplash.jpg","datePublished":"2021-03-12T17:25:36+00:00","dateModified":"2026-03-26T19:18:27+00:00","description":"Demeurez au fait des principaux renseignements sur l\u2019industrie gr\u00e2ce aux \u00e9tudes, aux publications et aux renseignements sur l\u2019accession \u00e0 la propri\u00e9t\u00e9 de Sagen\ud83c\udd6a.","breadcrumb":{"@id":"https:\/\/www.sagen.ca\/fr\/nouvelles-de-lindustrie\/#breadcrumb"},"inLanguage":"fr-FR","potentialAction":[{"@type":"ReadAction","target":["https:\/\/www.sagen.ca\/fr\/nouvelles-de-lindustrie\/"]}]},{"@type":"ImageObject","inLanguage":"fr-FR","@id":"https:\/\/www.sagen.ca\/fr\/nouvelles-de-lindustrie\/#primaryimage","url":"https:\/\/www.sagen.ca\/wp-content\/uploads\/2020\/06\/paul-hanaoka-5Za2sS955yg-unsplash.jpg","contentUrl":"https:\/\/www.sagen.ca\/wp-content\/uploads\/2020\/06\/paul-hanaoka-5Za2sS955yg-unsplash.jpg","width":3992,"height":2992,"caption":"Aerial view of houses in a neighbourhood"},{"@type":"BreadcrumbList","@id":"https:\/\/www.sagen.ca\/fr\/nouvelles-de-lindustrie\/#breadcrumb","itemListElement":[{"@type":"ListItem","position":1,"name":"Home","item":"https:\/\/www.sagen.ca\/fr\/"},{"@type":"ListItem","position":2,"name":"Nouvelles de l\u2019industrie"}]},{"@type":"WebSite","@id":"https:\/\/www.sagen.ca\/fr\/#website","url":"https:\/\/www.sagen.ca\/fr\/","name":"Sagen\ud83c\udd6a","description":"Sagen\ud83c\udd6a Canada","publisher":{"@id":"https:\/\/www.sagen.ca\/fr\/#organization"},"potentialAction":[{"@type":"SearchAction","target":{"@type":"EntryPoint","urlTemplate":"https:\/\/www.sagen.ca\/fr\/?s={search_term_string}"},"query-input":{"@type":"PropertyValueSpecification","valueRequired":true,"valueName":"search_term_string"}}],"inLanguage":"fr-FR"},{"@type":"Organization","@id":"https:\/\/www.sagen.ca\/fr\/#organization","name":"Sagen\ud83c\udd6a","url":"https:\/\/www.sagen.ca\/fr\/","logo":{"@type":"ImageObject","inLanguage":"fr-FR","@id":"https:\/\/www.sagen.ca\/fr\/#\/schema\/logo\/image\/","url":"https:\/\/www.sagen.ca\/wp-content\/uploads\/2020\/09\/sagen-logo-TM_dark-bg-1.svg","contentUrl":"https:\/\/www.sagen.ca\/wp-content\/uploads\/2020\/09\/sagen-logo-TM_dark-bg-1.svg","caption":"Sagen\ud83c\udd6a"},"image":{"@id":"https:\/\/www.sagen.ca\/fr\/#\/schema\/logo\/image\/"}}]}},"_links":{"self":[{"href":"https:\/\/www.sagen.ca\/fr\/wp-json\/wp\/v2\/pages\/620","targetHints":{"allow":["GET"]}}],"collection":[{"href":"https:\/\/www.sagen.ca\/fr\/wp-json\/wp\/v2\/pages"}],"about":[{"href":"https:\/\/www.sagen.ca\/fr\/wp-json\/wp\/v2\/types\/page"}],"author":[{"embeddable":true,"href":"https:\/\/www.sagen.ca\/fr\/wp-json\/wp\/v2\/users\/2"}],"replies":[{"embeddable":true,"href":"https:\/\/www.sagen.ca\/fr\/wp-json\/wp\/v2\/comments?post=620"}],"version-history":[{"count":2,"href":"https:\/\/www.sagen.ca\/fr\/wp-json\/wp\/v2\/pages\/620\/revisions"}],"predecessor-version":[{"id":32567,"href":"https:\/\/www.sagen.ca\/fr\/wp-json\/wp\/v2\/pages\/620\/revisions\/32567"}],"wp:featuredmedia":[{"embeddable":true,"href":"https:\/\/www.sagen.ca\/fr\/wp-json\/wp\/v2\/media\/774"}],"wp:attachment":[{"href":"https:\/\/www.sagen.ca\/fr\/wp-json\/wp\/v2\/media?parent=620"}],"curies":[{"name":"wp","href":"https:\/\/api.w.org\/{rel}","templated":true}]}}