{"id":622,"date":"2020-05-05T14:33:38","date_gmt":"2020-05-05T14:33:38","guid":{"rendered":"http:\/\/genworth.dev.artscience.ca\/products-and-services\/"},"modified":"2025-05-02T20:52:08","modified_gmt":"2025-05-02T20:52:08","slug":"produits-et-services","status":"publish","type":"page","link":"https:\/\/www.sagen.ca\/fr\/produits-et-services\/","title":{"rendered":"Produits et services"},"content":{"rendered":"\r\n<p>D\u00e9couvrez les produits, les services et les programmes mis \u00e0 votre disposition pour vous aider \u00e0 servir vos clients.<\/p>\r\n","protected":false},"excerpt":{"rendered":"<p>D\u00e9couvrez les produits, les services et les programmes mis \u00e0 votre disposition pour vous aider \u00e0 servir vos clients.<\/p>\n","protected":false},"author":2,"featured_media":1596,"parent":0,"menu_order":0,"comment_status":"closed","ping_status":"closed","template":"template-products-and-services.php","meta":{"_acf_changed":false,"footnotes":""},"class_list":["post-622","page","type-page","status-publish","has-post-thumbnail","hentry"],"acf":[],"yoast_head":"<!-- This site is optimized with the Yoast SEO plugin v27.2 - https:\/\/yoast.com\/product\/yoast-seo-wordpress\/ -->\n<title>Produits et services - Sagen\ud83c\udd6a<\/title>\n<meta name=\"description\" content=\"Renseignez-vous sur les produits, services et programmes de Sagen\ud83c\udd6a qui sont offerts pour aider les pr\u00eateurs \u00e0 mieux servir leurs clients.\" \/>\n<meta name=\"robots\" content=\"index, follow, max-snippet:-1, max-image-preview:large, max-video-preview:-1\" \/>\n<link rel=\"canonical\" href=\"https:\/\/www.sagen.ca\/fr\/produits-et-services\/\" \/>\n<meta property=\"og:locale\" content=\"fr_FR\" \/>\n<meta property=\"og:type\" content=\"article\" \/>\n<meta property=\"og:title\" content=\"Produits et services - Sagen\ud83c\udd6a\" \/>\n<meta property=\"og:description\" content=\"Renseignez-vous sur les produits, services et programmes de Sagen\ud83c\udd6a qui sont offerts pour aider les pr\u00eateurs \u00e0 mieux servir leurs clients.\" \/>\n<meta property=\"og:url\" content=\"https:\/\/www.sagen.ca\/fr\/produits-et-services\/\" \/>\n<meta property=\"og:site_name\" content=\"Sagen\ud83c\udd6a\" \/>\n<meta property=\"article:modified_time\" content=\"2025-05-02T20:52:08+00:00\" \/>\n<meta property=\"og:image\" content=\"https:\/\/www.sagen.ca\/wp-content\/uploads\/2020\/05\/products-portability.jpg\" \/>\n\t<meta property=\"og:image:width\" content=\"1200\" \/>\n\t<meta property=\"og:image:height\" content=\"796\" \/>\n\t<meta property=\"og:image:type\" content=\"image\/jpeg\" \/>\n<meta name=\"twitter:card\" content=\"summary_large_image\" \/>\n<meta name=\"twitter:label1\" content=\"Dur\u00e9e de lecture estim\u00e9e\" \/>\n\t<meta name=\"twitter:data1\" content=\"1 minute\" \/>\n<!-- \/ Yoast SEO plugin. -->","yoast_head_json":{"title":"Produits et services - Sagen\ud83c\udd6a","description":"Renseignez-vous sur les produits, services et programmes de Sagen\ud83c\udd6a qui sont offerts pour aider les pr\u00eateurs \u00e0 mieux servir leurs clients.","robots":{"index":"index","follow":"follow","max-snippet":"max-snippet:-1","max-image-preview":"max-image-preview:large","max-video-preview":"max-video-preview:-1"},"canonical":"https:\/\/www.sagen.ca\/fr\/produits-et-services\/","og_locale":"fr_FR","og_type":"article","og_title":"Produits et services - Sagen\ud83c\udd6a","og_description":"Renseignez-vous sur les produits, services et programmes de Sagen\ud83c\udd6a qui sont offerts pour aider les pr\u00eateurs \u00e0 mieux servir leurs clients.","og_url":"https:\/\/www.sagen.ca\/fr\/produits-et-services\/","og_site_name":"Sagen\ud83c\udd6a","article_modified_time":"2025-05-02T20:52:08+00:00","og_image":[{"width":1200,"height":796,"url":"https:\/\/www.sagen.ca\/wp-content\/uploads\/2020\/05\/products-portability.jpg","type":"image\/jpeg"}],"twitter_card":"summary_large_image","twitter_misc":{"Dur\u00e9e de lecture estim\u00e9e":"1 minute"},"schema":{"@context":"https:\/\/schema.org","@graph":[{"@type":"WebPage","@id":"https:\/\/www.sagen.ca\/fr\/produits-et-services\/","url":"https:\/\/www.sagen.ca\/fr\/produits-et-services\/","name":"Produits et services - Sagen\ud83c\udd6a","isPartOf":{"@id":"https:\/\/www.sagen.ca\/fr\/#website"},"primaryImageOfPage":{"@id":"https:\/\/www.sagen.ca\/fr\/produits-et-services\/#primaryimage"},"image":{"@id":"https:\/\/www.sagen.ca\/fr\/produits-et-services\/#primaryimage"},"thumbnailUrl":"https:\/\/www.sagen.ca\/wp-content\/uploads\/2020\/05\/products-portability.jpg","datePublished":"2020-05-05T14:33:38+00:00","dateModified":"2025-05-02T20:52:08+00:00","description":"Renseignez-vous sur les produits, services et programmes de Sagen\ud83c\udd6a qui sont offerts pour aider les pr\u00eateurs \u00e0 mieux servir leurs clients.","breadcrumb":{"@id":"https:\/\/www.sagen.ca\/fr\/produits-et-services\/#breadcrumb"},"inLanguage":"fr-FR","potentialAction":[{"@type":"ReadAction","target":["https:\/\/www.sagen.ca\/fr\/produits-et-services\/"]}]},{"@type":"ImageObject","inLanguage":"fr-FR","@id":"https:\/\/www.sagen.ca\/fr\/produits-et-services\/#primaryimage","url":"https:\/\/www.sagen.ca\/wp-content\/uploads\/2020\/05\/products-portability.jpg","contentUrl":"https:\/\/www.sagen.ca\/wp-content\/uploads\/2020\/05\/products-portability.jpg","width":1200,"height":796,"caption":"Vue de face de maisons en rang\u00e9e depuis le trottoir"},{"@type":"BreadcrumbList","@id":"https:\/\/www.sagen.ca\/fr\/produits-et-services\/#breadcrumb","itemListElement":[{"@type":"ListItem","position":1,"name":"Home","item":"https:\/\/www.sagen.ca\/fr\/"},{"@type":"ListItem","position":2,"name":"Produits et services"}]},{"@type":"WebSite","@id":"https:\/\/www.sagen.ca\/fr\/#website","url":"https:\/\/www.sagen.ca\/fr\/","name":"Sagen\ud83c\udd6a","description":"Sagen\ud83c\udd6a Canada","publisher":{"@id":"https:\/\/www.sagen.ca\/fr\/#organization"},"potentialAction":[{"@type":"SearchAction","target":{"@type":"EntryPoint","urlTemplate":"https:\/\/www.sagen.ca\/fr\/?s={search_term_string}"},"query-input":{"@type":"PropertyValueSpecification","valueRequired":true,"valueName":"search_term_string"}}],"inLanguage":"fr-FR"},{"@type":"Organization","@id":"https:\/\/www.sagen.ca\/fr\/#organization","name":"Sagen\ud83c\udd6a","url":"https:\/\/www.sagen.ca\/fr\/","logo":{"@type":"ImageObject","inLanguage":"fr-FR","@id":"https:\/\/www.sagen.ca\/fr\/#\/schema\/logo\/image\/","url":"https:\/\/www.sagen.ca\/wp-content\/uploads\/2020\/09\/sagen-logo-TM_dark-bg-1.svg","contentUrl":"https:\/\/www.sagen.ca\/wp-content\/uploads\/2020\/09\/sagen-logo-TM_dark-bg-1.svg","caption":"Sagen\ud83c\udd6a"},"image":{"@id":"https:\/\/www.sagen.ca\/fr\/#\/schema\/logo\/image\/"}}]}},"_links":{"self":[{"href":"https:\/\/www.sagen.ca\/fr\/wp-json\/wp\/v2\/pages\/622","targetHints":{"allow":["GET"]}}],"collection":[{"href":"https:\/\/www.sagen.ca\/fr\/wp-json\/wp\/v2\/pages"}],"about":[{"href":"https:\/\/www.sagen.ca\/fr\/wp-json\/wp\/v2\/types\/page"}],"author":[{"embeddable":true,"href":"https:\/\/www.sagen.ca\/fr\/wp-json\/wp\/v2\/users\/2"}],"replies":[{"embeddable":true,"href":"https:\/\/www.sagen.ca\/fr\/wp-json\/wp\/v2\/comments?post=622"}],"version-history":[{"count":0,"href":"https:\/\/www.sagen.ca\/fr\/wp-json\/wp\/v2\/pages\/622\/revisions"}],"wp:featuredmedia":[{"embeddable":true,"href":"https:\/\/www.sagen.ca\/fr\/wp-json\/wp\/v2\/media\/1596"}],"wp:attachment":[{"href":"https:\/\/www.sagen.ca\/fr\/wp-json\/wp\/v2\/media?parent=622"}],"curies":[{"name":"wp","href":"https:\/\/api.w.org\/{rel}","templated":true}]}}